{"id":22650,"date":"2023-02-09T12:01:06","date_gmt":"2023-02-09T11:01:06","guid":{"rendered":"https:\/\/linoexpress.com\/rs\/?post_type=product&#038;p=22650"},"modified":"2023-07-09T11:10:24","modified_gmt":"2023-07-09T09:10:24","slug":"edukativna-igracka-drveni-vozic-sa-brojevima-2","status":"publish","type":"product","link":"https:\/\/linoexpress.com\/rs\/proizvod\/edukativna-igracka-drveni-vozic-sa-brojevima-2\/","title":{"rendered":"Edukativna igra\u010dka-Drveni vozi\u0107 sa brojevima"},"content":{"rendered":"","protected":false},"excerpt":{"rendered":"<p>Igra\u010dka za rano u\u010denje brojeva, oblika i boja. Ve\u017ebanje prakti\u010dnih i umnih sposobnosti i razvoj kreativnosti.<\/p>\n","protected":false},"featured_media":22655,"comment_status":"closed","ping_status":"closed","template":"","meta":{"inline_featured_image":false},"product_brand":[],"product_cat":[15,35],"product_tag":[],"class_list":{"0":"post-22650","1":"product","2":"type-product","3":"status-publish","4":"has-post-thumbnail","6":"product_cat-uncategorized","7":"product_cat-fun","9":"first","10":"instock","11":"sale","12":"shipping-taxable","13":"purchasable","14":"product-type-simple"},"acf":[],"_links":{"self":[{"href":"https:\/\/linoexpress.com\/rs\/wp-json\/wp\/v2\/product\/22650","targetHints":{"allow":["GET"]}}],"collection":[{"href":"https:\/\/linoexpress.com\/rs\/wp-json\/wp\/v2\/product"}],"about":[{"href":"https:\/\/linoexpress.com\/rs\/wp-json\/wp\/v2\/types\/product"}],"replies":[{"embeddable":true,"href":"https:\/\/linoexpress.com\/rs\/wp-json\/wp\/v2\/comments?post=22650"}],"wp:featuredmedia":[{"embeddable":true,"href":"https:\/\/linoexpress.com\/rs\/wp-json\/wp\/v2\/media\/22655"}],"wp:attachment":[{"href":"https:\/\/linoexpress.com\/rs\/wp-json\/wp\/v2\/media?parent=22650"}],"wp:term":[{"taxonomy":"product_brand","embeddable":true,"href":"https:\/\/linoexpress.com\/rs\/wp-json\/wp\/v2\/product_brand?post=22650"},{"taxonomy":"product_cat","embeddable":true,"href":"https:\/\/linoexpress.com\/rs\/wp-json\/wp\/v2\/product_cat?post=22650"},{"taxonomy":"product_tag","embeddable":true,"href":"https:\/\/linoexpress.com\/rs\/wp-json\/wp\/v2\/product_tag?post=22650"}],"curies":[{"name":"wp","href":"https:\/\/api.w.org\/{rel}","templated":true}]}}