{"id":23167,"date":"2023-02-17T14:55:30","date_gmt":"2023-02-17T13:55:30","guid":{"rendered":"https:\/\/linoexpress.com\/rs\/?post_type=product&#038;p=23167"},"modified":"2025-11-11T11:22:49","modified_gmt":"2025-11-11T10:22:49","slug":"aparat-za-testiranje-strujnog-napona-2","status":"publish","type":"product","link":"https:\/\/linoexpress.com\/rs\/proizvod\/aparat-za-testiranje-strujnog-napona-2\/","title":{"rendered":"Aparat za testiranje strujnog napona"},"content":{"rendered":"","protected":false},"excerpt":{"rendered":"<p>Brzo i lako proverite strujna kola, osigura\u010de, prekida\u010de i o\u017ei\u010denja na automobilima, prikolicama,motociklima i drugim niskonaponskim sistemima.<\/p>\n","protected":false},"featured_media":23170,"comment_status":"closed","ping_status":"closed","template":"","meta":{"inline_featured_image":false},"product_brand":[],"product_cat":[25,27,15],"product_tag":[],"class_list":{"0":"post-23167","1":"product","2":"type-product","3":"status-publish","4":"has-post-thumbnail","6":"product_cat-car","7":"product_cat-home","8":"product_cat-uncategorized","10":"first","11":"instock","12":"sale","13":"shipping-taxable","14":"purchasable","15":"product-type-simple"},"acf":[],"_links":{"self":[{"href":"https:\/\/linoexpress.com\/rs\/wp-json\/wp\/v2\/product\/23167","targetHints":{"allow":["GET"]}}],"collection":[{"href":"https:\/\/linoexpress.com\/rs\/wp-json\/wp\/v2\/product"}],"about":[{"href":"https:\/\/linoexpress.com\/rs\/wp-json\/wp\/v2\/types\/product"}],"replies":[{"embeddable":true,"href":"https:\/\/linoexpress.com\/rs\/wp-json\/wp\/v2\/comments?post=23167"}],"wp:featuredmedia":[{"embeddable":true,"href":"https:\/\/linoexpress.com\/rs\/wp-json\/wp\/v2\/media\/23170"}],"wp:attachment":[{"href":"https:\/\/linoexpress.com\/rs\/wp-json\/wp\/v2\/media?parent=23167"}],"wp:term":[{"taxonomy":"product_brand","embeddable":true,"href":"https:\/\/linoexpress.com\/rs\/wp-json\/wp\/v2\/product_brand?post=23167"},{"taxonomy":"product_cat","embeddable":true,"href":"https:\/\/linoexpress.com\/rs\/wp-json\/wp\/v2\/product_cat?post=23167"},{"taxonomy":"product_tag","embeddable":true,"href":"https:\/\/linoexpress.com\/rs\/wp-json\/wp\/v2\/product_tag?post=23167"}],"curies":[{"name":"wp","href":"https:\/\/api.w.org\/{rel}","templated":true}]}}