{"id":27835,"date":"2023-05-15T08:45:00","date_gmt":"2023-05-15T06:45:00","guid":{"rendered":"https:\/\/linoexpress.com\/rs\/?post_type=product&#038;p=27835"},"modified":"2023-07-07T22:22:55","modified_gmt":"2023-07-07T20:22:55","slug":"set-za-izradu-gipsanih-figura","status":"publish","type":"product","link":"https:\/\/linoexpress.com\/rs\/proizvod\/set-za-izradu-gipsanih-figura\/","title":{"rendered":"Montessori set za izradu gipsanih figura"},"content":{"rendered":"","protected":false},"excerpt":{"rendered":"<p>Cool set za izradu gipsanih figura sadr\u017ei sve \u0161to vam je potrebno kako bi deca stvarala mala umetni\u010dka dela!<\/p>\n","protected":false},"featured_media":27838,"comment_status":"closed","ping_status":"closed","template":"","meta":{"inline_featured_image":false},"product_brand":[],"product_cat":[15],"product_tag":[],"class_list":{"0":"post-27835","1":"product","2":"type-product","3":"status-publish","4":"has-post-thumbnail","6":"product_cat-uncategorized","8":"first","9":"instock","10":"sale","11":"shipping-taxable","12":"purchasable","13":"product-type-variable"},"acf":[],"_links":{"self":[{"href":"https:\/\/linoexpress.com\/rs\/wp-json\/wp\/v2\/product\/27835","targetHints":{"allow":["GET"]}}],"collection":[{"href":"https:\/\/linoexpress.com\/rs\/wp-json\/wp\/v2\/product"}],"about":[{"href":"https:\/\/linoexpress.com\/rs\/wp-json\/wp\/v2\/types\/product"}],"replies":[{"embeddable":true,"href":"https:\/\/linoexpress.com\/rs\/wp-json\/wp\/v2\/comments?post=27835"}],"wp:featuredmedia":[{"embeddable":true,"href":"https:\/\/linoexpress.com\/rs\/wp-json\/wp\/v2\/media\/27838"}],"wp:attachment":[{"href":"https:\/\/linoexpress.com\/rs\/wp-json\/wp\/v2\/media?parent=27835"}],"wp:term":[{"taxonomy":"product_brand","embeddable":true,"href":"https:\/\/linoexpress.com\/rs\/wp-json\/wp\/v2\/product_brand?post=27835"},{"taxonomy":"product_cat","embeddable":true,"href":"https:\/\/linoexpress.com\/rs\/wp-json\/wp\/v2\/product_cat?post=27835"},{"taxonomy":"product_tag","embeddable":true,"href":"https:\/\/linoexpress.com\/rs\/wp-json\/wp\/v2\/product_tag?post=27835"}],"curies":[{"name":"wp","href":"https:\/\/api.w.org\/{rel}","templated":true}]}}