{"id":29077,"date":"2023-06-07T13:46:19","date_gmt":"2023-06-07T11:46:19","guid":{"rendered":"https:\/\/linoexpress.com\/rs\/?post_type=product&#038;p=29077"},"modified":"2023-07-07T21:54:39","modified_gmt":"2023-07-07T19:54:39","slug":"vakumski-cistac-i-sterilizator","status":"publish","type":"product","link":"https:\/\/linoexpress.com\/rs\/proizvod\/vakumski-cistac-i-sterilizator\/","title":{"rendered":"Vakumski \u010dista\u010d i sterilizator"},"content":{"rendered":"","protected":false},"excerpt":{"rendered":"<p>UV sterilizator i \u010dista\u010d pra\u0161ine i grinja garantuje vam sve\u017ee i bezbedno okru\u017eenje.<\/p>\n","protected":false},"featured_media":29081,"comment_status":"closed","ping_status":"closed","template":"","meta":{"inline_featured_image":false},"product_brand":[],"product_cat":[15],"product_tag":[],"class_list":{"0":"post-29077","1":"product","2":"type-product","3":"status-publish","4":"has-post-thumbnail","6":"product_cat-uncategorized","8":"first","9":"instock","10":"sale","11":"shipping-taxable","12":"purchasable","13":"product-type-simple"},"acf":[],"_links":{"self":[{"href":"https:\/\/linoexpress.com\/rs\/wp-json\/wp\/v2\/product\/29077","targetHints":{"allow":["GET"]}}],"collection":[{"href":"https:\/\/linoexpress.com\/rs\/wp-json\/wp\/v2\/product"}],"about":[{"href":"https:\/\/linoexpress.com\/rs\/wp-json\/wp\/v2\/types\/product"}],"replies":[{"embeddable":true,"href":"https:\/\/linoexpress.com\/rs\/wp-json\/wp\/v2\/comments?post=29077"}],"wp:featuredmedia":[{"embeddable":true,"href":"https:\/\/linoexpress.com\/rs\/wp-json\/wp\/v2\/media\/29081"}],"wp:attachment":[{"href":"https:\/\/linoexpress.com\/rs\/wp-json\/wp\/v2\/media?parent=29077"}],"wp:term":[{"taxonomy":"product_brand","embeddable":true,"href":"https:\/\/linoexpress.com\/rs\/wp-json\/wp\/v2\/product_brand?post=29077"},{"taxonomy":"product_cat","embeddable":true,"href":"https:\/\/linoexpress.com\/rs\/wp-json\/wp\/v2\/product_cat?post=29077"},{"taxonomy":"product_tag","embeddable":true,"href":"https:\/\/linoexpress.com\/rs\/wp-json\/wp\/v2\/product_tag?post=29077"}],"curies":[{"name":"wp","href":"https:\/\/api.w.org\/{rel}","templated":true}]}}