{"id":29937,"date":"2023-07-10T09:30:34","date_gmt":"2023-07-10T07:30:34","guid":{"rendered":"https:\/\/linoexpress.com\/rs\/?post_type=product&#038;p=29937"},"modified":"2023-07-11T14:11:29","modified_gmt":"2023-07-11T12:11:29","slug":"montessori-vodena-podloga-za-crtanje","status":"publish","type":"product","link":"https:\/\/linoexpress.com\/rs\/proizvod\/montessori-vodena-podloga-za-crtanje\/","title":{"rendered":"Montessori vodena podloga za crtanje"},"content":{"rendered":"","protected":false},"excerpt":{"rendered":"<p>Umetni\u010dki talenat svakog deteta \u0107e do\u0107i do izra\u017eaja sa ovom pi\u0161i-bri\u0161i\u00a0 vodenom podlogom koja je pogodna za beskona\u010dnu upotrebu.<\/p>\n<p>&nbsp;<\/p>\n","protected":false},"featured_media":29941,"comment_status":"closed","ping_status":"closed","template":"","meta":{"inline_featured_image":false},"product_brand":[],"product_cat":[15],"product_tag":[],"class_list":{"0":"post-29937","1":"product","2":"type-product","3":"status-publish","4":"has-post-thumbnail","6":"product_cat-uncategorized","8":"first","9":"instock","10":"sale","11":"shipping-taxable","12":"purchasable","13":"product-type-simple"},"acf":[],"_links":{"self":[{"href":"https:\/\/linoexpress.com\/rs\/wp-json\/wp\/v2\/product\/29937","targetHints":{"allow":["GET"]}}],"collection":[{"href":"https:\/\/linoexpress.com\/rs\/wp-json\/wp\/v2\/product"}],"about":[{"href":"https:\/\/linoexpress.com\/rs\/wp-json\/wp\/v2\/types\/product"}],"replies":[{"embeddable":true,"href":"https:\/\/linoexpress.com\/rs\/wp-json\/wp\/v2\/comments?post=29937"}],"wp:featuredmedia":[{"embeddable":true,"href":"https:\/\/linoexpress.com\/rs\/wp-json\/wp\/v2\/media\/29941"}],"wp:attachment":[{"href":"https:\/\/linoexpress.com\/rs\/wp-json\/wp\/v2\/media?parent=29937"}],"wp:term":[{"taxonomy":"product_brand","embeddable":true,"href":"https:\/\/linoexpress.com\/rs\/wp-json\/wp\/v2\/product_brand?post=29937"},{"taxonomy":"product_cat","embeddable":true,"href":"https:\/\/linoexpress.com\/rs\/wp-json\/wp\/v2\/product_cat?post=29937"},{"taxonomy":"product_tag","embeddable":true,"href":"https:\/\/linoexpress.com\/rs\/wp-json\/wp\/v2\/product_tag?post=29937"}],"curies":[{"name":"wp","href":"https:\/\/api.w.org\/{rel}","templated":true}]}}