{"id":29960,"date":"2023-07-10T13:59:14","date_gmt":"2023-07-10T11:59:14","guid":{"rendered":"https:\/\/linoexpress.com\/rs\/?post_type=product&#038;p=29960"},"modified":"2023-07-11T14:12:17","modified_gmt":"2023-07-11T12:12:17","slug":"univerzalne-polarizovane-naocare","status":"publish","type":"product","link":"https:\/\/linoexpress.com\/rs\/proizvod\/univerzalne-polarizovane-naocare\/","title":{"rendered":"Univerzalne polarizovane nao\u010dare"},"content":{"rendered":"","protected":false},"excerpt":{"rendered":"<p>Multifunkcionalne polarizovane sun\u010dane nao\u010dare savr\u0161ene su kako za \u017eene tako i za mu\u0161karce sa razli\u010ditim oblicima lica. Idealne su za vo\u017enju, pecanje, duge aktivnosti na otvorenom.<\/p>\n<p>&nbsp;<\/p>\n<p>&nbsp;<\/p>\n","protected":false},"featured_media":29969,"comment_status":"closed","ping_status":"closed","template":"","meta":{"inline_featured_image":false},"product_brand":[],"product_cat":[15],"product_tag":[],"class_list":{"0":"post-29960","1":"product","2":"type-product","3":"status-publish","4":"has-post-thumbnail","6":"product_cat-uncategorized","8":"first","9":"instock","10":"sale","11":"shipping-taxable","12":"purchasable","13":"product-type-simple"},"acf":[],"_links":{"self":[{"href":"https:\/\/linoexpress.com\/rs\/wp-json\/wp\/v2\/product\/29960","targetHints":{"allow":["GET"]}}],"collection":[{"href":"https:\/\/linoexpress.com\/rs\/wp-json\/wp\/v2\/product"}],"about":[{"href":"https:\/\/linoexpress.com\/rs\/wp-json\/wp\/v2\/types\/product"}],"replies":[{"embeddable":true,"href":"https:\/\/linoexpress.com\/rs\/wp-json\/wp\/v2\/comments?post=29960"}],"wp:featuredmedia":[{"embeddable":true,"href":"https:\/\/linoexpress.com\/rs\/wp-json\/wp\/v2\/media\/29969"}],"wp:attachment":[{"href":"https:\/\/linoexpress.com\/rs\/wp-json\/wp\/v2\/media?parent=29960"}],"wp:term":[{"taxonomy":"product_brand","embeddable":true,"href":"https:\/\/linoexpress.com\/rs\/wp-json\/wp\/v2\/product_brand?post=29960"},{"taxonomy":"product_cat","embeddable":true,"href":"https:\/\/linoexpress.com\/rs\/wp-json\/wp\/v2\/product_cat?post=29960"},{"taxonomy":"product_tag","embeddable":true,"href":"https:\/\/linoexpress.com\/rs\/wp-json\/wp\/v2\/product_tag?post=29960"}],"curies":[{"name":"wp","href":"https:\/\/api.w.org\/{rel}","templated":true}]}}