{"id":29993,"date":"2023-07-11T07:48:34","date_gmt":"2023-07-11T05:48:34","guid":{"rendered":"https:\/\/linoexpress.com\/rs\/?post_type=product&#038;p=29993"},"modified":"2023-07-23T09:04:29","modified_gmt":"2023-07-23T07:04:29","slug":"3d-slagalice-prostorija-za-decu","status":"publish","type":"product","link":"https:\/\/linoexpress.com\/rs\/proizvod\/3d-slagalice-prostorija-za-decu\/","title":{"rendered":"3D Slagalice prostorija za decu"},"content":{"rendered":"","protected":false},"excerpt":{"rendered":"<p>Komletirajte set od 4 prostorije 3D slagalice sa raznolikom paletom stilova name\u0161taja. Kommpletno ku\u0107no okru\u017eenje poma\u017ee kognitivni razvoj i pro\u0161irenje svesti kod dece o njihovoj okolini.<\/p>\n<p>&nbsp;<\/p>\n","protected":false},"featured_media":30006,"comment_status":"closed","ping_status":"closed","template":"","meta":{"inline_featured_image":false},"product_brand":[],"product_cat":[15],"product_tag":[],"class_list":{"0":"post-29993","1":"product","2":"type-product","3":"status-publish","4":"has-post-thumbnail","6":"product_cat-uncategorized","8":"first","9":"instock","10":"sale","11":"shipping-taxable","12":"purchasable","13":"product-type-variable"},"acf":[],"_links":{"self":[{"href":"https:\/\/linoexpress.com\/rs\/wp-json\/wp\/v2\/product\/29993","targetHints":{"allow":["GET"]}}],"collection":[{"href":"https:\/\/linoexpress.com\/rs\/wp-json\/wp\/v2\/product"}],"about":[{"href":"https:\/\/linoexpress.com\/rs\/wp-json\/wp\/v2\/types\/product"}],"replies":[{"embeddable":true,"href":"https:\/\/linoexpress.com\/rs\/wp-json\/wp\/v2\/comments?post=29993"}],"wp:featuredmedia":[{"embeddable":true,"href":"https:\/\/linoexpress.com\/rs\/wp-json\/wp\/v2\/media\/30006"}],"wp:attachment":[{"href":"https:\/\/linoexpress.com\/rs\/wp-json\/wp\/v2\/media?parent=29993"}],"wp:term":[{"taxonomy":"product_brand","embeddable":true,"href":"https:\/\/linoexpress.com\/rs\/wp-json\/wp\/v2\/product_brand?post=29993"},{"taxonomy":"product_cat","embeddable":true,"href":"https:\/\/linoexpress.com\/rs\/wp-json\/wp\/v2\/product_cat?post=29993"},{"taxonomy":"product_tag","embeddable":true,"href":"https:\/\/linoexpress.com\/rs\/wp-json\/wp\/v2\/product_tag?post=29993"}],"curies":[{"name":"wp","href":"https:\/\/api.w.org\/{rel}","templated":true}]}}