{"id":30077,"date":"2023-07-12T09:25:40","date_gmt":"2023-07-12T07:25:40","guid":{"rendered":"https:\/\/linoexpress.com\/rs\/?post_type=product&#038;p=30077"},"modified":"2023-07-20T12:29:01","modified_gmt":"2023-07-20T10:29:01","slug":"takticna-rucna-sekira","status":"publish","type":"product","link":"https:\/\/linoexpress.com\/rs\/proizvod\/takticna-rucna-sekira\/","title":{"rendered":"Takti\u010dna ru\u010dna sekira"},"content":{"rendered":"","protected":false},"excerpt":{"rendered":"<p>Idealna je za sve aktivnosti na otvorenom! Izra\u0111ena od visokokvalitetnog vrhunskog \u010delika koji je otporan na koroziju, r\u0111u i habanje, a jednostavan za odr\u017eavanje.<\/p>\n<p>&nbsp;<\/p>\n","protected":false},"featured_media":30081,"comment_status":"closed","ping_status":"closed","template":"","meta":{"inline_featured_image":false},"product_brand":[],"product_cat":[15],"product_tag":[],"class_list":{"0":"post-30077","1":"product","2":"type-product","3":"status-publish","4":"has-post-thumbnail","6":"product_cat-uncategorized","8":"first","9":"instock","10":"sale","11":"shipping-taxable","12":"purchasable","13":"product-type-simple"},"acf":[],"_links":{"self":[{"href":"https:\/\/linoexpress.com\/rs\/wp-json\/wp\/v2\/product\/30077","targetHints":{"allow":["GET"]}}],"collection":[{"href":"https:\/\/linoexpress.com\/rs\/wp-json\/wp\/v2\/product"}],"about":[{"href":"https:\/\/linoexpress.com\/rs\/wp-json\/wp\/v2\/types\/product"}],"replies":[{"embeddable":true,"href":"https:\/\/linoexpress.com\/rs\/wp-json\/wp\/v2\/comments?post=30077"}],"wp:featuredmedia":[{"embeddable":true,"href":"https:\/\/linoexpress.com\/rs\/wp-json\/wp\/v2\/media\/30081"}],"wp:attachment":[{"href":"https:\/\/linoexpress.com\/rs\/wp-json\/wp\/v2\/media?parent=30077"}],"wp:term":[{"taxonomy":"product_brand","embeddable":true,"href":"https:\/\/linoexpress.com\/rs\/wp-json\/wp\/v2\/product_brand?post=30077"},{"taxonomy":"product_cat","embeddable":true,"href":"https:\/\/linoexpress.com\/rs\/wp-json\/wp\/v2\/product_cat?post=30077"},{"taxonomy":"product_tag","embeddable":true,"href":"https:\/\/linoexpress.com\/rs\/wp-json\/wp\/v2\/product_tag?post=30077"}],"curies":[{"name":"wp","href":"https:\/\/api.w.org\/{rel}","templated":true}]}}