{"id":30188,"date":"2023-07-13T15:21:42","date_gmt":"2023-07-13T13:21:42","guid":{"rendered":"https:\/\/linoexpress.com\/rs\/?post_type=product&#038;p=30188"},"modified":"2023-07-20T21:43:06","modified_gmt":"2023-07-20T19:43:06","slug":"set-od-4-strugaca","status":"publish","type":"product","link":"https:\/\/linoexpress.com\/rs\/proizvod\/set-od-4-strugaca\/","title":{"rendered":"Set od 4 struga\u010da"},"content":{"rendered":"","protected":false},"excerpt":{"rendered":"<p>Napravljen od visokokvalitetanog legiranog \u010delika kojeg ne\u0107ete lako deformisati.<\/p>\n<p>Idealan je za sve torbe sa alatom, ima \u0161irok spektar upotrebe.<\/p>\n","protected":false},"featured_media":30196,"comment_status":"closed","ping_status":"closed","template":"","meta":{"inline_featured_image":false},"product_brand":[],"product_cat":[15],"product_tag":[],"class_list":{"0":"post-30188","1":"product","2":"type-product","3":"status-publish","4":"has-post-thumbnail","6":"product_cat-uncategorized","8":"first","9":"instock","10":"sale","11":"shipping-taxable","12":"purchasable","13":"product-type-simple"},"acf":[],"_links":{"self":[{"href":"https:\/\/linoexpress.com\/rs\/wp-json\/wp\/v2\/product\/30188","targetHints":{"allow":["GET"]}}],"collection":[{"href":"https:\/\/linoexpress.com\/rs\/wp-json\/wp\/v2\/product"}],"about":[{"href":"https:\/\/linoexpress.com\/rs\/wp-json\/wp\/v2\/types\/product"}],"replies":[{"embeddable":true,"href":"https:\/\/linoexpress.com\/rs\/wp-json\/wp\/v2\/comments?post=30188"}],"wp:featuredmedia":[{"embeddable":true,"href":"https:\/\/linoexpress.com\/rs\/wp-json\/wp\/v2\/media\/30196"}],"wp:attachment":[{"href":"https:\/\/linoexpress.com\/rs\/wp-json\/wp\/v2\/media?parent=30188"}],"wp:term":[{"taxonomy":"product_brand","embeddable":true,"href":"https:\/\/linoexpress.com\/rs\/wp-json\/wp\/v2\/product_brand?post=30188"},{"taxonomy":"product_cat","embeddable":true,"href":"https:\/\/linoexpress.com\/rs\/wp-json\/wp\/v2\/product_cat?post=30188"},{"taxonomy":"product_tag","embeddable":true,"href":"https:\/\/linoexpress.com\/rs\/wp-json\/wp\/v2\/product_tag?post=30188"}],"curies":[{"name":"wp","href":"https:\/\/api.w.org\/{rel}","templated":true}]}}