{"id":30210,"date":"2023-07-13T16:54:13","date_gmt":"2023-07-13T14:54:13","guid":{"rendered":"https:\/\/linoexpress.com\/rs\/?post_type=product&#038;p=30210"},"modified":"2023-07-20T21:43:43","modified_gmt":"2023-07-20T19:43:43","slug":"visenamenska-drska-za-jogu-i-pilates","status":"publish","type":"product","link":"https:\/\/linoexpress.com\/rs\/proizvod\/visenamenska-drska-za-jogu-i-pilates\/","title":{"rendered":"Vi\u0161enamenska dr\u0161ka za jogu i pilates"},"content":{"rendered":"","protected":false},"excerpt":{"rendered":"<p>Ova preklopna dr\u0161ka sa elasti\u010dnim otpornim trakama u\u010dini\u0107e svako ve\u017ebanje joge ili pilatesa efikasnijim uz maksimalnu zategnutost va\u0161eg tela.<\/p>\n","protected":false},"featured_media":30216,"comment_status":"closed","ping_status":"closed","template":"","meta":{"inline_featured_image":false},"product_brand":[],"product_cat":[15],"product_tag":[],"class_list":{"0":"post-30210","1":"product","2":"type-product","3":"status-publish","4":"has-post-thumbnail","6":"product_cat-uncategorized","8":"first","9":"instock","10":"sale","11":"shipping-taxable","12":"purchasable","13":"product-type-simple"},"acf":[],"_links":{"self":[{"href":"https:\/\/linoexpress.com\/rs\/wp-json\/wp\/v2\/product\/30210","targetHints":{"allow":["GET"]}}],"collection":[{"href":"https:\/\/linoexpress.com\/rs\/wp-json\/wp\/v2\/product"}],"about":[{"href":"https:\/\/linoexpress.com\/rs\/wp-json\/wp\/v2\/types\/product"}],"replies":[{"embeddable":true,"href":"https:\/\/linoexpress.com\/rs\/wp-json\/wp\/v2\/comments?post=30210"}],"wp:featuredmedia":[{"embeddable":true,"href":"https:\/\/linoexpress.com\/rs\/wp-json\/wp\/v2\/media\/30216"}],"wp:attachment":[{"href":"https:\/\/linoexpress.com\/rs\/wp-json\/wp\/v2\/media?parent=30210"}],"wp:term":[{"taxonomy":"product_brand","embeddable":true,"href":"https:\/\/linoexpress.com\/rs\/wp-json\/wp\/v2\/product_brand?post=30210"},{"taxonomy":"product_cat","embeddable":true,"href":"https:\/\/linoexpress.com\/rs\/wp-json\/wp\/v2\/product_cat?post=30210"},{"taxonomy":"product_tag","embeddable":true,"href":"https:\/\/linoexpress.com\/rs\/wp-json\/wp\/v2\/product_tag?post=30210"}],"curies":[{"name":"wp","href":"https:\/\/api.w.org\/{rel}","templated":true}]}}