{"id":30272,"date":"2023-07-14T14:24:55","date_gmt":"2023-07-14T12:24:55","guid":{"rendered":"https:\/\/linoexpress.com\/rs\/?post_type=product&#038;p=30272"},"modified":"2023-07-20T21:44:13","modified_gmt":"2023-07-20T19:44:13","slug":"trenazer-za-struk","status":"publish","type":"product","link":"https:\/\/linoexpress.com\/rs\/proizvod\/trenazer-za-struk\/","title":{"rendered":"Trena\u017eer za struk"},"content":{"rendered":"","protected":false},"excerpt":{"rendered":"<p>Udobna i prozra\u010dna elasti\u010dna traka za va\u0161 stuk i le\u0111a vam pru\u017ea ose\u0107aj sigurnosti i lako\u0107e u kretanju.<\/p>\n<p>Smanjuje bol u le\u0111ima i br\u017ee sagorevanje kalorije, a celulit nestaje \u010dak za 2-3 puta br\u017ee sa ovom trakom.<\/p>\n","protected":false},"featured_media":30284,"comment_status":"closed","ping_status":"closed","template":"","meta":{"inline_featured_image":false},"product_brand":[],"product_cat":[15],"product_tag":[],"class_list":{"0":"post-30272","1":"product","2":"type-product","3":"status-publish","4":"has-post-thumbnail","6":"product_cat-uncategorized","8":"first","9":"instock","10":"sale","11":"shipping-taxable","12":"purchasable","13":"product-type-simple"},"acf":[],"_links":{"self":[{"href":"https:\/\/linoexpress.com\/rs\/wp-json\/wp\/v2\/product\/30272","targetHints":{"allow":["GET"]}}],"collection":[{"href":"https:\/\/linoexpress.com\/rs\/wp-json\/wp\/v2\/product"}],"about":[{"href":"https:\/\/linoexpress.com\/rs\/wp-json\/wp\/v2\/types\/product"}],"replies":[{"embeddable":true,"href":"https:\/\/linoexpress.com\/rs\/wp-json\/wp\/v2\/comments?post=30272"}],"wp:featuredmedia":[{"embeddable":true,"href":"https:\/\/linoexpress.com\/rs\/wp-json\/wp\/v2\/media\/30284"}],"wp:attachment":[{"href":"https:\/\/linoexpress.com\/rs\/wp-json\/wp\/v2\/media?parent=30272"}],"wp:term":[{"taxonomy":"product_brand","embeddable":true,"href":"https:\/\/linoexpress.com\/rs\/wp-json\/wp\/v2\/product_brand?post=30272"},{"taxonomy":"product_cat","embeddable":true,"href":"https:\/\/linoexpress.com\/rs\/wp-json\/wp\/v2\/product_cat?post=30272"},{"taxonomy":"product_tag","embeddable":true,"href":"https:\/\/linoexpress.com\/rs\/wp-json\/wp\/v2\/product_tag?post=30272"}],"curies":[{"name":"wp","href":"https:\/\/api.w.org\/{rel}","templated":true}]}}