{"id":30287,"date":"2023-07-14T15:46:29","date_gmt":"2023-07-14T13:46:29","guid":{"rendered":"https:\/\/linoexpress.com\/rs\/?post_type=product&#038;p=30287"},"modified":"2023-07-20T21:44:57","modified_gmt":"2023-07-20T19:44:57","slug":"enzimsko-sredstvo-za-uklanjanje-mrlja","status":"publish","type":"product","link":"https:\/\/linoexpress.com\/rs\/proizvod\/enzimsko-sredstvo-za-uklanjanje-mrlja\/","title":{"rendered":"Enzimsko sredstvo za uklanjanje mrlja"},"content":{"rendered":"","protected":false},"excerpt":{"rendered":"<p>Re\u0161ite se svih dosadnih tvrdokornih mrlja na va\u0161oj ode\u0107i u samo par minuta!<\/p>\n","protected":false},"featured_media":30295,"comment_status":"closed","ping_status":"closed","template":"","meta":{"inline_featured_image":false},"product_brand":[],"product_cat":[15],"product_tag":[],"class_list":{"0":"post-30287","1":"product","2":"type-product","3":"status-publish","4":"has-post-thumbnail","6":"product_cat-uncategorized","8":"first","9":"instock","10":"sale","11":"shipping-taxable","12":"purchasable","13":"product-type-simple"},"acf":[],"_links":{"self":[{"href":"https:\/\/linoexpress.com\/rs\/wp-json\/wp\/v2\/product\/30287","targetHints":{"allow":["GET"]}}],"collection":[{"href":"https:\/\/linoexpress.com\/rs\/wp-json\/wp\/v2\/product"}],"about":[{"href":"https:\/\/linoexpress.com\/rs\/wp-json\/wp\/v2\/types\/product"}],"replies":[{"embeddable":true,"href":"https:\/\/linoexpress.com\/rs\/wp-json\/wp\/v2\/comments?post=30287"}],"wp:featuredmedia":[{"embeddable":true,"href":"https:\/\/linoexpress.com\/rs\/wp-json\/wp\/v2\/media\/30295"}],"wp:attachment":[{"href":"https:\/\/linoexpress.com\/rs\/wp-json\/wp\/v2\/media?parent=30287"}],"wp:term":[{"taxonomy":"product_brand","embeddable":true,"href":"https:\/\/linoexpress.com\/rs\/wp-json\/wp\/v2\/product_brand?post=30287"},{"taxonomy":"product_cat","embeddable":true,"href":"https:\/\/linoexpress.com\/rs\/wp-json\/wp\/v2\/product_cat?post=30287"},{"taxonomy":"product_tag","embeddable":true,"href":"https:\/\/linoexpress.com\/rs\/wp-json\/wp\/v2\/product_tag?post=30287"}],"curies":[{"name":"wp","href":"https:\/\/api.w.org\/{rel}","templated":true}]}}