{"id":30605,"date":"2023-07-18T08:15:51","date_gmt":"2023-07-18T06:15:51","guid":{"rendered":"https:\/\/linoexpress.com\/rs\/?post_type=product&#038;p=30605"},"modified":"2023-07-20T12:04:37","modified_gmt":"2023-07-20T10:04:37","slug":"modni-bluetooth-pametni-sat","status":"publish","type":"product","link":"https:\/\/linoexpress.com\/rs\/proizvod\/modni-bluetooth-pametni-sat\/","title":{"rendered":"Modni bluetooth pametni sat"},"content":{"rendered":"","protected":false},"excerpt":{"rendered":"<p>Ovaj moderni pametni sat za zdrav \u017eivot ima veliki ekran visoke rezolucije koji u svakom\u00a0 momentu omogu\u0107ava da precizno pratite nivo kiseonika u krvi, vrednost glukoze u krvi, otkucaje srca, va\u0161 pritisak, visinu va\u0161e telesne temperature, vreme va\u0161eg spavanja, +50 sportskih aktivnosti &#8230;<\/p>\n","protected":false},"featured_media":30607,"comment_status":"closed","ping_status":"closed","template":"","meta":{"inline_featured_image":false},"product_brand":[],"product_cat":[15],"product_tag":[],"class_list":{"0":"post-30605","1":"product","2":"type-product","3":"status-publish","4":"has-post-thumbnail","6":"product_cat-uncategorized","8":"first","9":"instock","10":"sale","11":"shipping-taxable","12":"purchasable","13":"product-type-simple"},"acf":[],"_links":{"self":[{"href":"https:\/\/linoexpress.com\/rs\/wp-json\/wp\/v2\/product\/30605","targetHints":{"allow":["GET"]}}],"collection":[{"href":"https:\/\/linoexpress.com\/rs\/wp-json\/wp\/v2\/product"}],"about":[{"href":"https:\/\/linoexpress.com\/rs\/wp-json\/wp\/v2\/types\/product"}],"replies":[{"embeddable":true,"href":"https:\/\/linoexpress.com\/rs\/wp-json\/wp\/v2\/comments?post=30605"}],"wp:featuredmedia":[{"embeddable":true,"href":"https:\/\/linoexpress.com\/rs\/wp-json\/wp\/v2\/media\/30607"}],"wp:attachment":[{"href":"https:\/\/linoexpress.com\/rs\/wp-json\/wp\/v2\/media?parent=30605"}],"wp:term":[{"taxonomy":"product_brand","embeddable":true,"href":"https:\/\/linoexpress.com\/rs\/wp-json\/wp\/v2\/product_brand?post=30605"},{"taxonomy":"product_cat","embeddable":true,"href":"https:\/\/linoexpress.com\/rs\/wp-json\/wp\/v2\/product_cat?post=30605"},{"taxonomy":"product_tag","embeddable":true,"href":"https:\/\/linoexpress.com\/rs\/wp-json\/wp\/v2\/product_tag?post=30605"}],"curies":[{"name":"wp","href":"https:\/\/api.w.org\/{rel}","templated":true}]}}