{"id":30986,"date":"2023-07-21T16:51:43","date_gmt":"2023-07-21T14:51:43","guid":{"rendered":"https:\/\/linoexpress.com\/rs\/?post_type=product&#038;p=30986"},"modified":"2023-07-23T09:06:47","modified_gmt":"2023-07-23T07:06:47","slug":"okviri-za-decije-umetnicke-radove","status":"publish","type":"product","link":"https:\/\/linoexpress.com\/rs\/proizvod\/okviri-za-decije-umetnicke-radove\/","title":{"rendered":"Set magnetnih okvira za de\u010dije umetni\u010dke radove (5komada)"},"content":{"rendered":"","protected":false},"excerpt":{"rendered":"<p>Sa\u010duvajte radove va\u0161e dece i ponosno ih izlo\u017eite na zidu va\u0161i mali umetnici \u0107e biti odu\u0161evljeni!<\/p>\n","protected":false},"featured_media":30995,"comment_status":"closed","ping_status":"closed","template":"","meta":{"inline_featured_image":false},"product_brand":[],"product_cat":[15],"product_tag":[],"class_list":{"0":"post-30986","1":"product","2":"type-product","3":"status-publish","4":"has-post-thumbnail","6":"product_cat-uncategorized","8":"first","9":"instock","10":"sale","11":"shipping-taxable","12":"purchasable","13":"product-type-simple"},"acf":[],"_links":{"self":[{"href":"https:\/\/linoexpress.com\/rs\/wp-json\/wp\/v2\/product\/30986","targetHints":{"allow":["GET"]}}],"collection":[{"href":"https:\/\/linoexpress.com\/rs\/wp-json\/wp\/v2\/product"}],"about":[{"href":"https:\/\/linoexpress.com\/rs\/wp-json\/wp\/v2\/types\/product"}],"replies":[{"embeddable":true,"href":"https:\/\/linoexpress.com\/rs\/wp-json\/wp\/v2\/comments?post=30986"}],"wp:featuredmedia":[{"embeddable":true,"href":"https:\/\/linoexpress.com\/rs\/wp-json\/wp\/v2\/media\/30995"}],"wp:attachment":[{"href":"https:\/\/linoexpress.com\/rs\/wp-json\/wp\/v2\/media?parent=30986"}],"wp:term":[{"taxonomy":"product_brand","embeddable":true,"href":"https:\/\/linoexpress.com\/rs\/wp-json\/wp\/v2\/product_brand?post=30986"},{"taxonomy":"product_cat","embeddable":true,"href":"https:\/\/linoexpress.com\/rs\/wp-json\/wp\/v2\/product_cat?post=30986"},{"taxonomy":"product_tag","embeddable":true,"href":"https:\/\/linoexpress.com\/rs\/wp-json\/wp\/v2\/product_tag?post=30986"}],"curies":[{"name":"wp","href":"https:\/\/api.w.org\/{rel}","templated":true}]}}