{"id":32556,"date":"2023-08-10T13:50:50","date_gmt":"2023-08-10T11:50:50","guid":{"rendered":"https:\/\/linoexpress.com\/rs\/?post_type=product&#038;p=32556"},"modified":"2023-08-16T11:37:55","modified_gmt":"2023-08-16T09:37:55","slug":"krila-leptira-sa-svetlom-i-muzikom","status":"publish","type":"product","link":"https:\/\/linoexpress.com\/rs\/proizvod\/krila-leptira-sa-svetlom-i-muzikom\/","title":{"rendered":"Krila leptira sa svetlom i muzikom"},"content":{"rendered":"","protected":false},"excerpt":{"rendered":"<p>Efektna kila leptira sa zvu\u010dnim i svetlosnim efektima odu\u0161evi\u0107e svaku devoj\u010dicu !<\/p>\n","protected":false},"featured_media":32562,"comment_status":"closed","ping_status":"closed","template":"","meta":{"inline_featured_image":false},"product_brand":[],"product_cat":[15],"product_tag":[],"class_list":{"0":"post-32556","1":"product","2":"type-product","3":"status-publish","4":"has-post-thumbnail","6":"product_cat-uncategorized","8":"first","9":"instock","10":"sale","11":"shipping-taxable","12":"purchasable","13":"product-type-simple"},"acf":[],"_links":{"self":[{"href":"https:\/\/linoexpress.com\/rs\/wp-json\/wp\/v2\/product\/32556","targetHints":{"allow":["GET"]}}],"collection":[{"href":"https:\/\/linoexpress.com\/rs\/wp-json\/wp\/v2\/product"}],"about":[{"href":"https:\/\/linoexpress.com\/rs\/wp-json\/wp\/v2\/types\/product"}],"replies":[{"embeddable":true,"href":"https:\/\/linoexpress.com\/rs\/wp-json\/wp\/v2\/comments?post=32556"}],"wp:featuredmedia":[{"embeddable":true,"href":"https:\/\/linoexpress.com\/rs\/wp-json\/wp\/v2\/media\/32562"}],"wp:attachment":[{"href":"https:\/\/linoexpress.com\/rs\/wp-json\/wp\/v2\/media?parent=32556"}],"wp:term":[{"taxonomy":"product_brand","embeddable":true,"href":"https:\/\/linoexpress.com\/rs\/wp-json\/wp\/v2\/product_brand?post=32556"},{"taxonomy":"product_cat","embeddable":true,"href":"https:\/\/linoexpress.com\/rs\/wp-json\/wp\/v2\/product_cat?post=32556"},{"taxonomy":"product_tag","embeddable":true,"href":"https:\/\/linoexpress.com\/rs\/wp-json\/wp\/v2\/product_tag?post=32556"}],"curies":[{"name":"wp","href":"https:\/\/api.w.org\/{rel}","templated":true}]}}