{"id":32824,"date":"2023-08-15T10:57:33","date_gmt":"2023-08-15T08:57:33","guid":{"rendered":"https:\/\/linoexpress.com\/rs\/?post_type=product&#038;p=32824"},"modified":"2023-08-16T11:35:24","modified_gmt":"2023-08-16T09:35:24","slug":"montessori-drvene-puzle","status":"publish","type":"product","link":"https:\/\/linoexpress.com\/rs\/proizvod\/montessori-drvene-puzle\/","title":{"rendered":"Montessori drvene puzle"},"content":{"rendered":"","protected":false},"excerpt":{"rendered":"<p>Visokokvalitetne puzle od ekolo\u0161ki prihvatljivih materijala i fantasti\u010dnog dizajna odli\u010dna su zabava za sve uzraste!<\/p>\n","protected":false},"featured_media":32829,"comment_status":"closed","ping_status":"closed","template":"","meta":{"inline_featured_image":false},"product_brand":[],"product_cat":[15],"product_tag":[],"class_list":{"0":"post-32824","1":"product","2":"type-product","3":"status-publish","4":"has-post-thumbnail","6":"product_cat-uncategorized","8":"first","9":"instock","10":"sale","11":"shipping-taxable","12":"purchasable","13":"product-type-simple"},"acf":[],"_links":{"self":[{"href":"https:\/\/linoexpress.com\/rs\/wp-json\/wp\/v2\/product\/32824","targetHints":{"allow":["GET"]}}],"collection":[{"href":"https:\/\/linoexpress.com\/rs\/wp-json\/wp\/v2\/product"}],"about":[{"href":"https:\/\/linoexpress.com\/rs\/wp-json\/wp\/v2\/types\/product"}],"replies":[{"embeddable":true,"href":"https:\/\/linoexpress.com\/rs\/wp-json\/wp\/v2\/comments?post=32824"}],"wp:featuredmedia":[{"embeddable":true,"href":"https:\/\/linoexpress.com\/rs\/wp-json\/wp\/v2\/media\/32829"}],"wp:attachment":[{"href":"https:\/\/linoexpress.com\/rs\/wp-json\/wp\/v2\/media?parent=32824"}],"wp:term":[{"taxonomy":"product_brand","embeddable":true,"href":"https:\/\/linoexpress.com\/rs\/wp-json\/wp\/v2\/product_brand?post=32824"},{"taxonomy":"product_cat","embeddable":true,"href":"https:\/\/linoexpress.com\/rs\/wp-json\/wp\/v2\/product_cat?post=32824"},{"taxonomy":"product_tag","embeddable":true,"href":"https:\/\/linoexpress.com\/rs\/wp-json\/wp\/v2\/product_tag?post=32824"}],"curies":[{"name":"wp","href":"https:\/\/api.w.org\/{rel}","templated":true}]}}