{"id":32863,"date":"2023-08-15T12:33:57","date_gmt":"2023-08-15T10:33:57","guid":{"rendered":"https:\/\/linoexpress.com\/rs\/?post_type=product&#038;p=32863"},"modified":"2023-08-16T11:42:24","modified_gmt":"2023-08-16T09:42:24","slug":"svetleca-magicna-lopta-za-igru","status":"publish","type":"product","link":"https:\/\/linoexpress.com\/rs\/proizvod\/svetleca-magicna-lopta-za-igru\/","title":{"rendered":"Svetle\u0107a magi\u010dna  lopta za igru"},"content":{"rendered":"","protected":false},"excerpt":{"rendered":"<p>Podstaknite va\u0161u\u00a0 decu da se bave fizi\u010dkom aktivno\u0161\u0107u sa ovom fantasti\u010dnom , magi\u010dnom , svetle\u0107om loptom.<\/p>\n","protected":false},"featured_media":32864,"comment_status":"closed","ping_status":"closed","template":"","meta":{"inline_featured_image":false},"product_brand":[],"product_cat":[15],"product_tag":[],"class_list":{"0":"post-32863","1":"product","2":"type-product","3":"status-publish","4":"has-post-thumbnail","6":"product_cat-uncategorized","8":"first","9":"instock","10":"sale","11":"shipping-taxable","12":"purchasable","13":"product-type-simple"},"acf":[],"_links":{"self":[{"href":"https:\/\/linoexpress.com\/rs\/wp-json\/wp\/v2\/product\/32863","targetHints":{"allow":["GET"]}}],"collection":[{"href":"https:\/\/linoexpress.com\/rs\/wp-json\/wp\/v2\/product"}],"about":[{"href":"https:\/\/linoexpress.com\/rs\/wp-json\/wp\/v2\/types\/product"}],"replies":[{"embeddable":true,"href":"https:\/\/linoexpress.com\/rs\/wp-json\/wp\/v2\/comments?post=32863"}],"wp:featuredmedia":[{"embeddable":true,"href":"https:\/\/linoexpress.com\/rs\/wp-json\/wp\/v2\/media\/32864"}],"wp:attachment":[{"href":"https:\/\/linoexpress.com\/rs\/wp-json\/wp\/v2\/media?parent=32863"}],"wp:term":[{"taxonomy":"product_brand","embeddable":true,"href":"https:\/\/linoexpress.com\/rs\/wp-json\/wp\/v2\/product_brand?post=32863"},{"taxonomy":"product_cat","embeddable":true,"href":"https:\/\/linoexpress.com\/rs\/wp-json\/wp\/v2\/product_cat?post=32863"},{"taxonomy":"product_tag","embeddable":true,"href":"https:\/\/linoexpress.com\/rs\/wp-json\/wp\/v2\/product_tag?post=32863"}],"curies":[{"name":"wp","href":"https:\/\/api.w.org\/{rel}","templated":true}]}}