{"id":33464,"date":"2023-09-04T10:36:59","date_gmt":"2023-09-04T08:36:59","guid":{"rendered":"https:\/\/linoexpress.com\/rs\/?post_type=product&#038;p=33464"},"modified":"2023-10-03T16:57:52","modified_gmt":"2023-10-03T14:57:52","slug":"3d-rastezljiva-igracka-mac","status":"publish","type":"product","link":"https:\/\/linoexpress.com\/rs\/proizvod\/3d-rastezljiva-igracka-mac\/","title":{"rendered":"3D Rastezljiva igra\u010dka ma\u010d"},"content":{"rendered":"","protected":false},"excerpt":{"rendered":"<p>Super cool igra\u010dka koja se raste\u017ee. Ekstra zanimljiv na\u010din otvaranja i zabave!<\/p>\n","protected":false},"featured_media":33465,"comment_status":"closed","ping_status":"closed","template":"","meta":{"inline_featured_image":false},"product_brand":[],"product_cat":[15],"product_tag":[],"class_list":{"0":"post-33464","1":"product","2":"type-product","3":"status-publish","4":"has-post-thumbnail","6":"product_cat-uncategorized","8":"first","9":"instock","10":"sale","11":"shipping-taxable","12":"purchasable","13":"product-type-simple"},"acf":[],"_links":{"self":[{"href":"https:\/\/linoexpress.com\/rs\/wp-json\/wp\/v2\/product\/33464","targetHints":{"allow":["GET"]}}],"collection":[{"href":"https:\/\/linoexpress.com\/rs\/wp-json\/wp\/v2\/product"}],"about":[{"href":"https:\/\/linoexpress.com\/rs\/wp-json\/wp\/v2\/types\/product"}],"replies":[{"embeddable":true,"href":"https:\/\/linoexpress.com\/rs\/wp-json\/wp\/v2\/comments?post=33464"}],"wp:featuredmedia":[{"embeddable":true,"href":"https:\/\/linoexpress.com\/rs\/wp-json\/wp\/v2\/media\/33465"}],"wp:attachment":[{"href":"https:\/\/linoexpress.com\/rs\/wp-json\/wp\/v2\/media?parent=33464"}],"wp:term":[{"taxonomy":"product_brand","embeddable":true,"href":"https:\/\/linoexpress.com\/rs\/wp-json\/wp\/v2\/product_brand?post=33464"},{"taxonomy":"product_cat","embeddable":true,"href":"https:\/\/linoexpress.com\/rs\/wp-json\/wp\/v2\/product_cat?post=33464"},{"taxonomy":"product_tag","embeddable":true,"href":"https:\/\/linoexpress.com\/rs\/wp-json\/wp\/v2\/product_tag?post=33464"}],"curies":[{"name":"wp","href":"https:\/\/api.w.org\/{rel}","templated":true}]}}