{"id":33547,"date":"2023-09-08T14:42:04","date_gmt":"2023-09-08T12:42:04","guid":{"rendered":"https:\/\/linoexpress.com\/rs\/?post_type=product&#038;p=33547"},"modified":"2024-10-11T14:36:11","modified_gmt":"2024-10-11T12:36:11","slug":"rasprsivac-vode-sa-sistemom-za-zamagljivanje-masina-za-rezanje-2","status":"publish","type":"product","link":"https:\/\/linoexpress.com\/rs\/proizvod\/rasprsivac-vode-sa-sistemom-za-zamagljivanje-masina-za-rezanje-2\/","title":{"rendered":"Raspr\u0161iva\u010d vode sa sistemom za zamagljivanje ma\u0161ina za rezanje"},"content":{"rendered":"","protected":false},"excerpt":{"rendered":"<p>Br\u017ee, efikasnije i urednije re\u017eite sa ovim alatom. Odli\u010dan nastavak koji \u0107e da vam pomogne da budete optimalni u radu.<\/p>\n","protected":false},"featured_media":33561,"comment_status":"closed","ping_status":"closed","template":"","meta":{"inline_featured_image":false},"product_brand":[],"product_cat":[27,15],"product_tag":[],"class_list":{"0":"post-33547","1":"product","2":"type-product","3":"status-publish","4":"has-post-thumbnail","6":"product_cat-home","7":"product_cat-uncategorized","9":"first","10":"instock","11":"sale","12":"shipping-taxable","13":"purchasable","14":"product-type-simple"},"acf":[],"_links":{"self":[{"href":"https:\/\/linoexpress.com\/rs\/wp-json\/wp\/v2\/product\/33547","targetHints":{"allow":["GET"]}}],"collection":[{"href":"https:\/\/linoexpress.com\/rs\/wp-json\/wp\/v2\/product"}],"about":[{"href":"https:\/\/linoexpress.com\/rs\/wp-json\/wp\/v2\/types\/product"}],"replies":[{"embeddable":true,"href":"https:\/\/linoexpress.com\/rs\/wp-json\/wp\/v2\/comments?post=33547"}],"wp:featuredmedia":[{"embeddable":true,"href":"https:\/\/linoexpress.com\/rs\/wp-json\/wp\/v2\/media\/33561"}],"wp:attachment":[{"href":"https:\/\/linoexpress.com\/rs\/wp-json\/wp\/v2\/media?parent=33547"}],"wp:term":[{"taxonomy":"product_brand","embeddable":true,"href":"https:\/\/linoexpress.com\/rs\/wp-json\/wp\/v2\/product_brand?post=33547"},{"taxonomy":"product_cat","embeddable":true,"href":"https:\/\/linoexpress.com\/rs\/wp-json\/wp\/v2\/product_cat?post=33547"},{"taxonomy":"product_tag","embeddable":true,"href":"https:\/\/linoexpress.com\/rs\/wp-json\/wp\/v2\/product_tag?post=33547"}],"curies":[{"name":"wp","href":"https:\/\/api.w.org\/{rel}","templated":true}]}}