{"id":33584,"date":"2023-09-08T15:36:25","date_gmt":"2023-09-08T13:36:25","guid":{"rendered":"https:\/\/linoexpress.com\/rs\/?post_type=product&#038;p=33584"},"modified":"2025-08-14T09:26:36","modified_gmt":"2025-08-14T07:26:36","slug":"set-navoja-za-zaptivanje-2","status":"publish","type":"product","link":"https:\/\/linoexpress.com\/rs\/proizvod\/set-navoja-za-zaptivanje-2\/","title":{"rendered":"Set navoja za zaptivanje"},"content":{"rendered":"","protected":false},"excerpt":{"rendered":"<p>U\u010dinkovito, brzo i povoljno re\u0161ite curenja vode, zraka ili ulja. Minimalni tro\u0161kovi za optimalne rezultate.<\/p>\n","protected":false},"featured_media":33588,"comment_status":"closed","ping_status":"closed","template":"","meta":{"inline_featured_image":false},"product_brand":[],"product_cat":[27,15],"product_tag":[],"class_list":{"0":"post-33584","1":"product","2":"type-product","3":"status-publish","4":"has-post-thumbnail","6":"product_cat-home","7":"product_cat-uncategorized","9":"first","10":"instock","11":"sale","12":"shipping-taxable","13":"purchasable","14":"product-type-simple"},"acf":[],"_links":{"self":[{"href":"https:\/\/linoexpress.com\/rs\/wp-json\/wp\/v2\/product\/33584","targetHints":{"allow":["GET"]}}],"collection":[{"href":"https:\/\/linoexpress.com\/rs\/wp-json\/wp\/v2\/product"}],"about":[{"href":"https:\/\/linoexpress.com\/rs\/wp-json\/wp\/v2\/types\/product"}],"replies":[{"embeddable":true,"href":"https:\/\/linoexpress.com\/rs\/wp-json\/wp\/v2\/comments?post=33584"}],"wp:featuredmedia":[{"embeddable":true,"href":"https:\/\/linoexpress.com\/rs\/wp-json\/wp\/v2\/media\/33588"}],"wp:attachment":[{"href":"https:\/\/linoexpress.com\/rs\/wp-json\/wp\/v2\/media?parent=33584"}],"wp:term":[{"taxonomy":"product_brand","embeddable":true,"href":"https:\/\/linoexpress.com\/rs\/wp-json\/wp\/v2\/product_brand?post=33584"},{"taxonomy":"product_cat","embeddable":true,"href":"https:\/\/linoexpress.com\/rs\/wp-json\/wp\/v2\/product_cat?post=33584"},{"taxonomy":"product_tag","embeddable":true,"href":"https:\/\/linoexpress.com\/rs\/wp-json\/wp\/v2\/product_tag?post=33584"}],"curies":[{"name":"wp","href":"https:\/\/api.w.org\/{rel}","templated":true}]}}