{"id":34962,"date":"2023-09-25T15:27:56","date_gmt":"2023-09-25T13:27:56","guid":{"rendered":"https:\/\/linoexpress.com\/rs\/?post_type=product&#038;p=34962"},"modified":"2023-10-03T16:55:49","modified_gmt":"2023-10-03T14:55:49","slug":"bozicni-kalendar-sa-privescima-za-narukvicu","status":"publish","type":"product","link":"https:\/\/linoexpress.com\/rs\/proizvod\/bozicni-kalendar-sa-privescima-za-narukvicu\/","title":{"rendered":"Bo\u017ei\u0107ni kalendar sa privescima za narukvicu"},"content":{"rendered":"","protected":false},"excerpt":{"rendered":"<p>Ulep\u0161ajte zadnji mesec u godini sa ovim prekrasnim tajnovitim kalendarom. Svaki datum nosi novi poklon\u010di\u0107. Sa nestrpljenjem odbrojavajte dane\u00a0 i skupljajte\u00a0 svoje unikatne priveske.<\/p>\n","protected":false},"featured_media":34970,"comment_status":"closed","ping_status":"closed","template":"","meta":{"inline_featured_image":false},"product_brand":[],"product_cat":[15],"product_tag":[],"class_list":{"0":"post-34962","1":"product","2":"type-product","3":"status-publish","4":"has-post-thumbnail","6":"product_cat-uncategorized","8":"first","9":"instock","10":"sale","11":"shipping-taxable","12":"purchasable","13":"product-type-simple"},"acf":[],"_links":{"self":[{"href":"https:\/\/linoexpress.com\/rs\/wp-json\/wp\/v2\/product\/34962","targetHints":{"allow":["GET"]}}],"collection":[{"href":"https:\/\/linoexpress.com\/rs\/wp-json\/wp\/v2\/product"}],"about":[{"href":"https:\/\/linoexpress.com\/rs\/wp-json\/wp\/v2\/types\/product"}],"replies":[{"embeddable":true,"href":"https:\/\/linoexpress.com\/rs\/wp-json\/wp\/v2\/comments?post=34962"}],"wp:featuredmedia":[{"embeddable":true,"href":"https:\/\/linoexpress.com\/rs\/wp-json\/wp\/v2\/media\/34970"}],"wp:attachment":[{"href":"https:\/\/linoexpress.com\/rs\/wp-json\/wp\/v2\/media?parent=34962"}],"wp:term":[{"taxonomy":"product_brand","embeddable":true,"href":"https:\/\/linoexpress.com\/rs\/wp-json\/wp\/v2\/product_brand?post=34962"},{"taxonomy":"product_cat","embeddable":true,"href":"https:\/\/linoexpress.com\/rs\/wp-json\/wp\/v2\/product_cat?post=34962"},{"taxonomy":"product_tag","embeddable":true,"href":"https:\/\/linoexpress.com\/rs\/wp-json\/wp\/v2\/product_tag?post=34962"}],"curies":[{"name":"wp","href":"https:\/\/api.w.org\/{rel}","templated":true}]}}