{"id":35094,"date":"2023-09-26T12:57:01","date_gmt":"2023-09-26T10:57:01","guid":{"rendered":"https:\/\/linoexpress.com\/rs\/?post_type=product&#038;p=35094"},"modified":"2023-10-03T16:53:56","modified_gmt":"2023-10-03T14:53:56","slug":"bozicni-adventski-kalendar-iznenadjenja","status":"publish","type":"product","link":"https:\/\/linoexpress.com\/rs\/proizvod\/bozicni-adventski-kalendar-iznenadjenja\/","title":{"rendered":"Bo\u017ei\u0107ni adventski kalendar iznena\u0111enja"},"content":{"rendered":"","protected":false},"excerpt":{"rendered":"<p>Iza svakog prozor\u010di\u0107a krije se unikatno, zanimljivo iznena\u0111enje! Obradujte se svaki dan sa novim znakom pa\u017enje.<\/p>\n","protected":false},"featured_media":35098,"comment_status":"closed","ping_status":"closed","template":"","meta":{"inline_featured_image":false},"product_brand":[],"product_cat":[15],"product_tag":[],"class_list":{"0":"post-35094","1":"product","2":"type-product","3":"status-publish","4":"has-post-thumbnail","6":"product_cat-uncategorized","8":"first","9":"instock","10":"sale","11":"shipping-taxable","12":"purchasable","13":"product-type-simple"},"acf":[],"_links":{"self":[{"href":"https:\/\/linoexpress.com\/rs\/wp-json\/wp\/v2\/product\/35094","targetHints":{"allow":["GET"]}}],"collection":[{"href":"https:\/\/linoexpress.com\/rs\/wp-json\/wp\/v2\/product"}],"about":[{"href":"https:\/\/linoexpress.com\/rs\/wp-json\/wp\/v2\/types\/product"}],"replies":[{"embeddable":true,"href":"https:\/\/linoexpress.com\/rs\/wp-json\/wp\/v2\/comments?post=35094"}],"wp:featuredmedia":[{"embeddable":true,"href":"https:\/\/linoexpress.com\/rs\/wp-json\/wp\/v2\/media\/35098"}],"wp:attachment":[{"href":"https:\/\/linoexpress.com\/rs\/wp-json\/wp\/v2\/media?parent=35094"}],"wp:term":[{"taxonomy":"product_brand","embeddable":true,"href":"https:\/\/linoexpress.com\/rs\/wp-json\/wp\/v2\/product_brand?post=35094"},{"taxonomy":"product_cat","embeddable":true,"href":"https:\/\/linoexpress.com\/rs\/wp-json\/wp\/v2\/product_cat?post=35094"},{"taxonomy":"product_tag","embeddable":true,"href":"https:\/\/linoexpress.com\/rs\/wp-json\/wp\/v2\/product_tag?post=35094"}],"curies":[{"name":"wp","href":"https:\/\/api.w.org\/{rel}","templated":true}]}}