{"id":36951,"date":"2023-10-30T12:43:18","date_gmt":"2023-10-30T11:43:18","guid":{"rendered":"https:\/\/linoexpress.com\/rs\/?post_type=product&#038;p=36951"},"modified":"2025-08-14T09:06:20","modified_gmt":"2025-08-14T07:06:20","slug":"vakumski-cistac-i-sterilizator-2","status":"publish","type":"product","link":"https:\/\/linoexpress.com\/rs\/proizvod\/vakumski-cistac-i-sterilizator-2\/","title":{"rendered":"Vakumski \u010dista\u010d i sterilizator"},"content":{"rendered":"","protected":false},"excerpt":{"rendered":"<p>UV sterilizator i \u010dista\u010d pra\u0161ine i grinja garantuje vam sve\u017ee i bezbedno okru\u017eenje. Priu\u0161tite sebi optimalno \u010dist dom!<\/p>\n","protected":false},"featured_media":36962,"comment_status":"closed","ping_status":"closed","template":"","meta":{"inline_featured_image":false},"product_brand":[],"product_cat":[27,15],"product_tag":[],"class_list":{"0":"post-36951","1":"product","2":"type-product","3":"status-publish","4":"has-post-thumbnail","6":"product_cat-home","7":"product_cat-uncategorized","9":"first","10":"instock","11":"sale","12":"shipping-taxable","13":"purchasable","14":"product-type-simple"},"acf":[],"_links":{"self":[{"href":"https:\/\/linoexpress.com\/rs\/wp-json\/wp\/v2\/product\/36951","targetHints":{"allow":["GET"]}}],"collection":[{"href":"https:\/\/linoexpress.com\/rs\/wp-json\/wp\/v2\/product"}],"about":[{"href":"https:\/\/linoexpress.com\/rs\/wp-json\/wp\/v2\/types\/product"}],"replies":[{"embeddable":true,"href":"https:\/\/linoexpress.com\/rs\/wp-json\/wp\/v2\/comments?post=36951"}],"wp:featuredmedia":[{"embeddable":true,"href":"https:\/\/linoexpress.com\/rs\/wp-json\/wp\/v2\/media\/36962"}],"wp:attachment":[{"href":"https:\/\/linoexpress.com\/rs\/wp-json\/wp\/v2\/media?parent=36951"}],"wp:term":[{"taxonomy":"product_brand","embeddable":true,"href":"https:\/\/linoexpress.com\/rs\/wp-json\/wp\/v2\/product_brand?post=36951"},{"taxonomy":"product_cat","embeddable":true,"href":"https:\/\/linoexpress.com\/rs\/wp-json\/wp\/v2\/product_cat?post=36951"},{"taxonomy":"product_tag","embeddable":true,"href":"https:\/\/linoexpress.com\/rs\/wp-json\/wp\/v2\/product_tag?post=36951"}],"curies":[{"name":"wp","href":"https:\/\/api.w.org\/{rel}","templated":true}]}}