{"id":40127,"date":"2024-01-23T09:58:50","date_gmt":"2024-01-23T08:58:50","guid":{"rendered":"https:\/\/linoexpress.com\/rs\/?post_type=product&#038;p=40127"},"modified":"2024-01-23T10:01:58","modified_gmt":"2024-01-23T09:01:58","slug":"11gratis-montessori-magnetna-igra-sortiranja-brojeva-i-boja","status":"publish","type":"product","link":"https:\/\/linoexpress.com\/rs\/proizvod\/11gratis-montessori-magnetna-igra-sortiranja-brojeva-i-boja\/","title":{"rendered":"1+1GRATIS Montessori magnetna igra sortiranja brojeva i boja"},"content":{"rendered":"","protected":false},"excerpt":{"rendered":"<p>Lavirint igra\u010dka sa magnetima fenomenalna za razvoj motori\u010dkih sposobnosti, u\u010denje boja, brojeva i ve\u017ebanje preciznosti i strpljenja!<\/p>\n","protected":false},"featured_media":30784,"comment_status":"closed","ping_status":"closed","template":"","meta":{"inline_featured_image":false},"product_brand":[],"product_cat":[15,35],"product_tag":[],"class_list":{"0":"post-40127","1":"product","2":"type-product","3":"status-publish","4":"has-post-thumbnail","6":"product_cat-uncategorized","7":"product_cat-fun","9":"first","10":"instock","11":"sale","12":"shipping-taxable","13":"purchasable","14":"product-type-simple"},"acf":[],"_links":{"self":[{"href":"https:\/\/linoexpress.com\/rs\/wp-json\/wp\/v2\/product\/40127","targetHints":{"allow":["GET"]}}],"collection":[{"href":"https:\/\/linoexpress.com\/rs\/wp-json\/wp\/v2\/product"}],"about":[{"href":"https:\/\/linoexpress.com\/rs\/wp-json\/wp\/v2\/types\/product"}],"replies":[{"embeddable":true,"href":"https:\/\/linoexpress.com\/rs\/wp-json\/wp\/v2\/comments?post=40127"}],"wp:featuredmedia":[{"embeddable":true,"href":"https:\/\/linoexpress.com\/rs\/wp-json\/wp\/v2\/media\/30784"}],"wp:attachment":[{"href":"https:\/\/linoexpress.com\/rs\/wp-json\/wp\/v2\/media?parent=40127"}],"wp:term":[{"taxonomy":"product_brand","embeddable":true,"href":"https:\/\/linoexpress.com\/rs\/wp-json\/wp\/v2\/product_brand?post=40127"},{"taxonomy":"product_cat","embeddable":true,"href":"https:\/\/linoexpress.com\/rs\/wp-json\/wp\/v2\/product_cat?post=40127"},{"taxonomy":"product_tag","embeddable":true,"href":"https:\/\/linoexpress.com\/rs\/wp-json\/wp\/v2\/product_tag?post=40127"}],"curies":[{"name":"wp","href":"https:\/\/api.w.org\/{rel}","templated":true}]}}