{"id":40229,"date":"2024-05-31T09:42:28","date_gmt":"2024-05-31T07:42:28","guid":{"rendered":"https:\/\/linoexpress.com\/rs\/?post_type=product&#038;p=40229"},"modified":"2025-08-14T09:05:47","modified_gmt":"2025-08-14T07:05:47","slug":"prenosni-vakumski-usisivac","status":"publish","type":"product","link":"https:\/\/linoexpress.com\/rs\/proizvod\/prenosni-vakumski-usisivac\/","title":{"rendered":"Prenosni vakumski usisiva\u010d"},"content":{"rendered":"","protected":false},"excerpt":{"rendered":"<p>Prenosni vakumski usisiva\u010d lagan je i veoma efektan za brzo \u010di\u0161\u0107enje. Odli\u010dan za kori\u0161tenje u automobilu ili za brzo sre\u0111ivanje raznih povr\u0161ina i te\u0161ko dostupnih mesta!<\/p>\n","protected":false},"featured_media":40248,"comment_status":"closed","ping_status":"closed","template":"","meta":{"inline_featured_image":false},"product_brand":[],"product_cat":[27,15],"product_tag":[],"class_list":{"0":"post-40229","1":"product","2":"type-product","3":"status-publish","4":"has-post-thumbnail","6":"product_cat-home","7":"product_cat-uncategorized","9":"first","10":"instock","11":"sale","12":"shipping-taxable","13":"purchasable","14":"product-type-simple"},"acf":[],"_links":{"self":[{"href":"https:\/\/linoexpress.com\/rs\/wp-json\/wp\/v2\/product\/40229","targetHints":{"allow":["GET"]}}],"collection":[{"href":"https:\/\/linoexpress.com\/rs\/wp-json\/wp\/v2\/product"}],"about":[{"href":"https:\/\/linoexpress.com\/rs\/wp-json\/wp\/v2\/types\/product"}],"replies":[{"embeddable":true,"href":"https:\/\/linoexpress.com\/rs\/wp-json\/wp\/v2\/comments?post=40229"}],"wp:featuredmedia":[{"embeddable":true,"href":"https:\/\/linoexpress.com\/rs\/wp-json\/wp\/v2\/media\/40248"}],"wp:attachment":[{"href":"https:\/\/linoexpress.com\/rs\/wp-json\/wp\/v2\/media?parent=40229"}],"wp:term":[{"taxonomy":"product_brand","embeddable":true,"href":"https:\/\/linoexpress.com\/rs\/wp-json\/wp\/v2\/product_brand?post=40229"},{"taxonomy":"product_cat","embeddable":true,"href":"https:\/\/linoexpress.com\/rs\/wp-json\/wp\/v2\/product_cat?post=40229"},{"taxonomy":"product_tag","embeddable":true,"href":"https:\/\/linoexpress.com\/rs\/wp-json\/wp\/v2\/product_tag?post=40229"}],"curies":[{"name":"wp","href":"https:\/\/api.w.org\/{rel}","templated":true}]}}