{"id":40280,"date":"2024-05-31T12:25:54","date_gmt":"2024-05-31T10:25:54","guid":{"rendered":"https:\/\/linoexpress.com\/rs\/?post_type=product&#038;p=40280"},"modified":"2024-12-17T12:50:57","modified_gmt":"2024-12-17T11:50:57","slug":"podesiva-pila-za-grane","status":"publish","type":"product","link":"https:\/\/linoexpress.com\/rs\/proizvod\/podesiva-pila-za-grane\/","title":{"rendered":"Podesiva pila za grane"},"content":{"rendered":"","protected":false},"excerpt":{"rendered":"<p>Ova prakti\u010dna pila mo\u017ee da se sklopi ili produ\u017ei u zavisnosti od potrebe se\u010denja. Prilagodite je konkretnom poslu koji obavljate i postignite optimalne rezultate rada.<\/p>\n","protected":false},"featured_media":40289,"comment_status":"closed","ping_status":"closed","template":"","meta":{"inline_featured_image":false},"product_brand":[],"product_cat":[27,15],"product_tag":[],"class_list":{"0":"post-40280","1":"product","2":"type-product","3":"status-publish","4":"has-post-thumbnail","6":"product_cat-home","7":"product_cat-uncategorized","9":"first","10":"instock","11":"sale","12":"shipping-taxable","13":"purchasable","14":"product-type-simple"},"acf":[],"_links":{"self":[{"href":"https:\/\/linoexpress.com\/rs\/wp-json\/wp\/v2\/product\/40280","targetHints":{"allow":["GET"]}}],"collection":[{"href":"https:\/\/linoexpress.com\/rs\/wp-json\/wp\/v2\/product"}],"about":[{"href":"https:\/\/linoexpress.com\/rs\/wp-json\/wp\/v2\/types\/product"}],"replies":[{"embeddable":true,"href":"https:\/\/linoexpress.com\/rs\/wp-json\/wp\/v2\/comments?post=40280"}],"wp:featuredmedia":[{"embeddable":true,"href":"https:\/\/linoexpress.com\/rs\/wp-json\/wp\/v2\/media\/40289"}],"wp:attachment":[{"href":"https:\/\/linoexpress.com\/rs\/wp-json\/wp\/v2\/media?parent=40280"}],"wp:term":[{"taxonomy":"product_brand","embeddable":true,"href":"https:\/\/linoexpress.com\/rs\/wp-json\/wp\/v2\/product_brand?post=40280"},{"taxonomy":"product_cat","embeddable":true,"href":"https:\/\/linoexpress.com\/rs\/wp-json\/wp\/v2\/product_cat?post=40280"},{"taxonomy":"product_tag","embeddable":true,"href":"https:\/\/linoexpress.com\/rs\/wp-json\/wp\/v2\/product_tag?post=40280"}],"curies":[{"name":"wp","href":"https:\/\/api.w.org\/{rel}","templated":true}]}}