{"id":40315,"date":"2024-05-31T13:02:29","date_gmt":"2024-05-31T11:02:29","guid":{"rendered":"https:\/\/linoexpress.com\/rs\/?post_type=product&#038;p=40315"},"modified":"2025-08-14T09:01:58","modified_gmt":"2025-08-14T07:01:58","slug":"magnetna-knjiga-za-sredjivanje-lutkica-2","status":"publish","type":"product","link":"https:\/\/linoexpress.com\/rs\/proizvod\/magnetna-knjiga-za-sredjivanje-lutkica-2\/","title":{"rendered":"Magnetna knjiga za sre\u0111ivanje lutkica"},"content":{"rendered":"","protected":false},"excerpt":{"rendered":"<p>Idealan poklon za devoj\u010dice! Sklapanje ode\u0107e i modnih kombinacija nikad nisu bili lak\u0161i i zabavniji!<\/p>\n","protected":false},"featured_media":40325,"comment_status":"closed","ping_status":"closed","template":"","meta":{"inline_featured_image":false},"product_brand":[],"product_cat":[15,35],"product_tag":[],"class_list":{"0":"post-40315","1":"product","2":"type-product","3":"status-publish","4":"has-post-thumbnail","6":"product_cat-uncategorized","7":"product_cat-fun","9":"first","10":"instock","11":"sale","12":"shipping-taxable","13":"purchasable","14":"product-type-variable"},"acf":[],"_links":{"self":[{"href":"https:\/\/linoexpress.com\/rs\/wp-json\/wp\/v2\/product\/40315","targetHints":{"allow":["GET"]}}],"collection":[{"href":"https:\/\/linoexpress.com\/rs\/wp-json\/wp\/v2\/product"}],"about":[{"href":"https:\/\/linoexpress.com\/rs\/wp-json\/wp\/v2\/types\/product"}],"replies":[{"embeddable":true,"href":"https:\/\/linoexpress.com\/rs\/wp-json\/wp\/v2\/comments?post=40315"}],"wp:featuredmedia":[{"embeddable":true,"href":"https:\/\/linoexpress.com\/rs\/wp-json\/wp\/v2\/media\/40325"}],"wp:attachment":[{"href":"https:\/\/linoexpress.com\/rs\/wp-json\/wp\/v2\/media?parent=40315"}],"wp:term":[{"taxonomy":"product_brand","embeddable":true,"href":"https:\/\/linoexpress.com\/rs\/wp-json\/wp\/v2\/product_brand?post=40315"},{"taxonomy":"product_cat","embeddable":true,"href":"https:\/\/linoexpress.com\/rs\/wp-json\/wp\/v2\/product_cat?post=40315"},{"taxonomy":"product_tag","embeddable":true,"href":"https:\/\/linoexpress.com\/rs\/wp-json\/wp\/v2\/product_tag?post=40315"}],"curies":[{"name":"wp","href":"https:\/\/api.w.org\/{rel}","templated":true}]}}