{"id":41362,"date":"2024-07-18T08:58:58","date_gmt":"2024-07-18T06:58:58","guid":{"rendered":"https:\/\/linoexpress.com\/rs\/?post_type=product&#038;p=41362"},"modified":"2024-08-14T14:53:45","modified_gmt":"2024-08-14T12:53:45","slug":"igra-prepoznavanja-slova","status":"publish","type":"product","link":"https:\/\/linoexpress.com\/rs\/proizvod\/igra-prepoznavanja-slova\/","title":{"rendered":"Igra prepoznavanja slova"},"content":{"rendered":"","protected":false},"excerpt":{"rendered":"<p>Zabavna i edukativna igra vrhunskog kvaliteta i izdr\u017eljivosti. U\u010denje i prepoznavanje slova i ve\u017eba spelovanja!<\/p>\n","protected":false},"featured_media":41374,"comment_status":"closed","ping_status":"closed","template":"","meta":{"inline_featured_image":false},"product_brand":[],"product_cat":[15],"product_tag":[],"class_list":{"0":"post-41362","1":"product","2":"type-product","3":"status-publish","4":"has-post-thumbnail","6":"product_cat-uncategorized","8":"first","9":"instock","10":"sale","11":"shipping-taxable","12":"purchasable","13":"product-type-simple"},"acf":[],"_links":{"self":[{"href":"https:\/\/linoexpress.com\/rs\/wp-json\/wp\/v2\/product\/41362","targetHints":{"allow":["GET"]}}],"collection":[{"href":"https:\/\/linoexpress.com\/rs\/wp-json\/wp\/v2\/product"}],"about":[{"href":"https:\/\/linoexpress.com\/rs\/wp-json\/wp\/v2\/types\/product"}],"replies":[{"embeddable":true,"href":"https:\/\/linoexpress.com\/rs\/wp-json\/wp\/v2\/comments?post=41362"}],"wp:featuredmedia":[{"embeddable":true,"href":"https:\/\/linoexpress.com\/rs\/wp-json\/wp\/v2\/media\/41374"}],"wp:attachment":[{"href":"https:\/\/linoexpress.com\/rs\/wp-json\/wp\/v2\/media?parent=41362"}],"wp:term":[{"taxonomy":"product_brand","embeddable":true,"href":"https:\/\/linoexpress.com\/rs\/wp-json\/wp\/v2\/product_brand?post=41362"},{"taxonomy":"product_cat","embeddable":true,"href":"https:\/\/linoexpress.com\/rs\/wp-json\/wp\/v2\/product_cat?post=41362"},{"taxonomy":"product_tag","embeddable":true,"href":"https:\/\/linoexpress.com\/rs\/wp-json\/wp\/v2\/product_tag?post=41362"}],"curies":[{"name":"wp","href":"https:\/\/api.w.org\/{rel}","templated":true}]}}