{"id":42133,"date":"2024-09-10T12:39:25","date_gmt":"2024-09-10T10:39:25","guid":{"rendered":"https:\/\/linoexpress.com\/rs\/?post_type=product&#038;p=42133"},"modified":"2025-08-14T09:32:19","modified_gmt":"2025-08-14T07:32:19","slug":"profesionalna-klesta-za-lako-otvaranje-2","status":"publish","type":"product","link":"https:\/\/linoexpress.com\/rs\/proizvod\/profesionalna-klesta-za-lako-otvaranje-2\/","title":{"rendered":"Profesionalna kle\u0161ta za lako otvaranje"},"content":{"rendered":"","protected":false},"excerpt":{"rendered":"<p>Jednostavno i lako otvorite sve vrste pri\u010dvr\u0161\u0107iva\u010da, kop\u010di ili zakovica. Otvorite panele bez problema , napora i o\u0161te\u0107enja.<\/p>\n","protected":false},"featured_media":42136,"comment_status":"closed","ping_status":"closed","template":"","meta":{"inline_featured_image":false},"product_brand":[],"product_cat":[27,15],"product_tag":[],"class_list":{"0":"post-42133","1":"product","2":"type-product","3":"status-publish","4":"has-post-thumbnail","6":"product_cat-home","7":"product_cat-uncategorized","9":"first","10":"instock","11":"sale","12":"shipping-taxable","13":"purchasable","14":"product-type-simple"},"acf":[],"_links":{"self":[{"href":"https:\/\/linoexpress.com\/rs\/wp-json\/wp\/v2\/product\/42133","targetHints":{"allow":["GET"]}}],"collection":[{"href":"https:\/\/linoexpress.com\/rs\/wp-json\/wp\/v2\/product"}],"about":[{"href":"https:\/\/linoexpress.com\/rs\/wp-json\/wp\/v2\/types\/product"}],"replies":[{"embeddable":true,"href":"https:\/\/linoexpress.com\/rs\/wp-json\/wp\/v2\/comments?post=42133"}],"wp:featuredmedia":[{"embeddable":true,"href":"https:\/\/linoexpress.com\/rs\/wp-json\/wp\/v2\/media\/42136"}],"wp:attachment":[{"href":"https:\/\/linoexpress.com\/rs\/wp-json\/wp\/v2\/media?parent=42133"}],"wp:term":[{"taxonomy":"product_brand","embeddable":true,"href":"https:\/\/linoexpress.com\/rs\/wp-json\/wp\/v2\/product_brand?post=42133"},{"taxonomy":"product_cat","embeddable":true,"href":"https:\/\/linoexpress.com\/rs\/wp-json\/wp\/v2\/product_cat?post=42133"},{"taxonomy":"product_tag","embeddable":true,"href":"https:\/\/linoexpress.com\/rs\/wp-json\/wp\/v2\/product_tag?post=42133"}],"curies":[{"name":"wp","href":"https:\/\/api.w.org\/{rel}","templated":true}]}}