{"id":42188,"date":"2024-09-10T14:44:57","date_gmt":"2024-09-10T12:44:57","guid":{"rendered":"https:\/\/linoexpress.com\/rs\/?post_type=product&#038;p=42188"},"modified":"2025-11-11T11:25:25","modified_gmt":"2025-11-11T10:25:25","slug":"montessori-magnetna-igra-za-ucenje-matematike","status":"publish","type":"product","link":"https:\/\/linoexpress.com\/rs\/proizvod\/montessori-magnetna-igra-za-ucenje-matematike\/","title":{"rendered":"Montessori magnetna igra za u\u010denje matematike"},"content":{"rendered":"","protected":false},"excerpt":{"rendered":"<p>Inovativni pristup podu\u010davanju matemati\u010dkih operacija. U\u010dite decu matematiku kroz igru i slikovite prikaze!<\/p>\n","protected":false},"featured_media":42192,"comment_status":"closed","ping_status":"closed","template":"","meta":{"inline_featured_image":false},"product_brand":[],"product_cat":[15,35],"product_tag":[],"class_list":{"0":"post-42188","1":"product","2":"type-product","3":"status-publish","4":"has-post-thumbnail","6":"product_cat-uncategorized","7":"product_cat-fun","9":"first","10":"instock","11":"sale","12":"shipping-taxable","13":"purchasable","14":"product-type-simple"},"acf":[],"_links":{"self":[{"href":"https:\/\/linoexpress.com\/rs\/wp-json\/wp\/v2\/product\/42188","targetHints":{"allow":["GET"]}}],"collection":[{"href":"https:\/\/linoexpress.com\/rs\/wp-json\/wp\/v2\/product"}],"about":[{"href":"https:\/\/linoexpress.com\/rs\/wp-json\/wp\/v2\/types\/product"}],"replies":[{"embeddable":true,"href":"https:\/\/linoexpress.com\/rs\/wp-json\/wp\/v2\/comments?post=42188"}],"wp:featuredmedia":[{"embeddable":true,"href":"https:\/\/linoexpress.com\/rs\/wp-json\/wp\/v2\/media\/42192"}],"wp:attachment":[{"href":"https:\/\/linoexpress.com\/rs\/wp-json\/wp\/v2\/media?parent=42188"}],"wp:term":[{"taxonomy":"product_brand","embeddable":true,"href":"https:\/\/linoexpress.com\/rs\/wp-json\/wp\/v2\/product_brand?post=42188"},{"taxonomy":"product_cat","embeddable":true,"href":"https:\/\/linoexpress.com\/rs\/wp-json\/wp\/v2\/product_cat?post=42188"},{"taxonomy":"product_tag","embeddable":true,"href":"https:\/\/linoexpress.com\/rs\/wp-json\/wp\/v2\/product_tag?post=42188"}],"curies":[{"name":"wp","href":"https:\/\/api.w.org\/{rel}","templated":true}]}}