{"id":43014,"date":"2024-10-08T10:15:02","date_gmt":"2024-10-08T08:15:02","guid":{"rendered":"https:\/\/linoexpress.com\/rs\/?post_type=product&#038;p=43014"},"modified":"2024-10-15T12:01:59","modified_gmt":"2024-10-15T10:01:59","slug":"muzicki-i-svetlosni-aparat-za-pravljenje-mehurica","status":"publish","type":"product","link":"https:\/\/linoexpress.com\/rs\/proizvod\/muzicki-i-svetlosni-aparat-za-pravljenje-mehurica\/","title":{"rendered":"Muzi\u010dki i svetlosni aparat za pravljenje mehuri\u0107a"},"content":{"rendered":"","protected":false},"excerpt":{"rendered":"<p>Ova ma\u0161ina za balon\u010di\u0107e dolazi sa muzikom , stvaraju\u0107i sjajan prikaz \u0161arenih mehuri\u0107a koji \u0107e vas ili va\u0161e dete u\u010diniti zvezdom predstave!<\/p>\n","protected":false},"featured_media":43021,"comment_status":"closed","ping_status":"closed","template":"","meta":{"inline_featured_image":false},"product_brand":[],"product_cat":[15],"product_tag":[],"class_list":{"0":"post-43014","1":"product","2":"type-product","3":"status-publish","4":"has-post-thumbnail","6":"product_cat-uncategorized","8":"first","9":"instock","10":"sale","11":"shipping-taxable","12":"purchasable","13":"product-type-simple"},"acf":[],"_links":{"self":[{"href":"https:\/\/linoexpress.com\/rs\/wp-json\/wp\/v2\/product\/43014","targetHints":{"allow":["GET"]}}],"collection":[{"href":"https:\/\/linoexpress.com\/rs\/wp-json\/wp\/v2\/product"}],"about":[{"href":"https:\/\/linoexpress.com\/rs\/wp-json\/wp\/v2\/types\/product"}],"replies":[{"embeddable":true,"href":"https:\/\/linoexpress.com\/rs\/wp-json\/wp\/v2\/comments?post=43014"}],"wp:featuredmedia":[{"embeddable":true,"href":"https:\/\/linoexpress.com\/rs\/wp-json\/wp\/v2\/media\/43021"}],"wp:attachment":[{"href":"https:\/\/linoexpress.com\/rs\/wp-json\/wp\/v2\/media?parent=43014"}],"wp:term":[{"taxonomy":"product_brand","embeddable":true,"href":"https:\/\/linoexpress.com\/rs\/wp-json\/wp\/v2\/product_brand?post=43014"},{"taxonomy":"product_cat","embeddable":true,"href":"https:\/\/linoexpress.com\/rs\/wp-json\/wp\/v2\/product_cat?post=43014"},{"taxonomy":"product_tag","embeddable":true,"href":"https:\/\/linoexpress.com\/rs\/wp-json\/wp\/v2\/product_tag?post=43014"}],"curies":[{"name":"wp","href":"https:\/\/api.w.org\/{rel}","templated":true}]}}