{"id":43049,"date":"2024-10-08T13:15:52","date_gmt":"2024-10-08T11:15:52","guid":{"rendered":"https:\/\/linoexpress.com\/rs\/?post_type=product&#038;p=43049"},"modified":"2024-10-15T11:26:46","modified_gmt":"2024-10-15T09:26:46","slug":"3d-magnetni-blokovi","status":"publish","type":"product","link":"https:\/\/linoexpress.com\/rs\/proizvod\/3d-magnetni-blokovi\/","title":{"rendered":"3D magnetni blokovi"},"content":{"rendered":"","protected":false},"excerpt":{"rendered":"<p>50 magnetnih gra\u0111evinskih blokova nude sate zabave za decu, istovremeno poti\u010du\u0107i vrijedne ve\u0161tine kao \u0161to su prostorno razmi\u0161ljanje, kreativnost i jo\u0161 mnogo toga.<\/p>\n","protected":false},"featured_media":43053,"comment_status":"closed","ping_status":"closed","template":"","meta":{"inline_featured_image":false},"product_brand":[],"product_cat":[15],"product_tag":[],"class_list":{"0":"post-43049","1":"product","2":"type-product","3":"status-publish","4":"has-post-thumbnail","6":"product_cat-uncategorized","8":"first","9":"instock","10":"sale","11":"shipping-taxable","12":"purchasable","13":"product-type-simple"},"acf":[],"_links":{"self":[{"href":"https:\/\/linoexpress.com\/rs\/wp-json\/wp\/v2\/product\/43049","targetHints":{"allow":["GET"]}}],"collection":[{"href":"https:\/\/linoexpress.com\/rs\/wp-json\/wp\/v2\/product"}],"about":[{"href":"https:\/\/linoexpress.com\/rs\/wp-json\/wp\/v2\/types\/product"}],"replies":[{"embeddable":true,"href":"https:\/\/linoexpress.com\/rs\/wp-json\/wp\/v2\/comments?post=43049"}],"wp:featuredmedia":[{"embeddable":true,"href":"https:\/\/linoexpress.com\/rs\/wp-json\/wp\/v2\/media\/43053"}],"wp:attachment":[{"href":"https:\/\/linoexpress.com\/rs\/wp-json\/wp\/v2\/media?parent=43049"}],"wp:term":[{"taxonomy":"product_brand","embeddable":true,"href":"https:\/\/linoexpress.com\/rs\/wp-json\/wp\/v2\/product_brand?post=43049"},{"taxonomy":"product_cat","embeddable":true,"href":"https:\/\/linoexpress.com\/rs\/wp-json\/wp\/v2\/product_cat?post=43049"},{"taxonomy":"product_tag","embeddable":true,"href":"https:\/\/linoexpress.com\/rs\/wp-json\/wp\/v2\/product_tag?post=43049"}],"curies":[{"name":"wp","href":"https:\/\/api.w.org\/{rel}","templated":true}]}}