{"id":43062,"date":"2024-10-08T14:23:23","date_gmt":"2024-10-08T12:23:23","guid":{"rendered":"https:\/\/linoexpress.com\/rs\/?post_type=product&#038;p=43062"},"modified":"2024-10-15T12:01:21","modified_gmt":"2024-10-15T10:01:21","slug":"duks-deka-2-u-1","status":"publish","type":"product","link":"https:\/\/linoexpress.com\/rs\/proizvod\/duks-deka-2-u-1\/","title":{"rendered":"Duks-\u0107ebe 2 u 1"},"content":{"rendered":"","protected":false},"excerpt":{"rendered":"<p>Savr\u0161ena kombinacija deke i dukserice u jednom proizvodu ,ugrija\u0107e vas i pru\u017eiti vam maksimalnu udobnost.<\/p>\n","protected":false},"featured_media":43070,"comment_status":"closed","ping_status":"closed","template":"","meta":{"inline_featured_image":false},"product_brand":[],"product_cat":[15],"product_tag":[],"class_list":{"0":"post-43062","1":"product","2":"type-product","3":"status-publish","4":"has-post-thumbnail","6":"product_cat-uncategorized","8":"first","9":"instock","10":"sale","11":"shipping-taxable","12":"purchasable","13":"product-type-variable"},"acf":[],"_links":{"self":[{"href":"https:\/\/linoexpress.com\/rs\/wp-json\/wp\/v2\/product\/43062","targetHints":{"allow":["GET"]}}],"collection":[{"href":"https:\/\/linoexpress.com\/rs\/wp-json\/wp\/v2\/product"}],"about":[{"href":"https:\/\/linoexpress.com\/rs\/wp-json\/wp\/v2\/types\/product"}],"replies":[{"embeddable":true,"href":"https:\/\/linoexpress.com\/rs\/wp-json\/wp\/v2\/comments?post=43062"}],"wp:featuredmedia":[{"embeddable":true,"href":"https:\/\/linoexpress.com\/rs\/wp-json\/wp\/v2\/media\/43070"}],"wp:attachment":[{"href":"https:\/\/linoexpress.com\/rs\/wp-json\/wp\/v2\/media?parent=43062"}],"wp:term":[{"taxonomy":"product_brand","embeddable":true,"href":"https:\/\/linoexpress.com\/rs\/wp-json\/wp\/v2\/product_brand?post=43062"},{"taxonomy":"product_cat","embeddable":true,"href":"https:\/\/linoexpress.com\/rs\/wp-json\/wp\/v2\/product_cat?post=43062"},{"taxonomy":"product_tag","embeddable":true,"href":"https:\/\/linoexpress.com\/rs\/wp-json\/wp\/v2\/product_tag?post=43062"}],"curies":[{"name":"wp","href":"https:\/\/api.w.org\/{rel}","templated":true}]}}