{"id":43095,"date":"2024-10-09T08:33:39","date_gmt":"2024-10-09T06:33:39","guid":{"rendered":"https:\/\/linoexpress.com\/rs\/?post_type=product&#038;p=43095"},"modified":"2024-10-15T13:18:50","modified_gmt":"2024-10-15T11:18:50","slug":"udobne-visoke-carape","status":"publish","type":"product","link":"https:\/\/linoexpress.com\/rs\/proizvod\/udobne-visoke-carape\/","title":{"rendered":"Udobne visoke \u010darape"},"content":{"rendered":"","protected":false},"excerpt":{"rendered":"<p>Ove \u010darape su savr\u0161eno meke i pahuljaste na dodir, osiguravaju\u0107i ugodan ose\u0107aj.<\/p>\n","protected":false},"featured_media":43102,"comment_status":"closed","ping_status":"closed","template":"","meta":{"inline_featured_image":false},"product_brand":[],"product_cat":[15],"product_tag":[],"class_list":{"0":"post-43095","1":"product","2":"type-product","3":"status-publish","4":"has-post-thumbnail","6":"product_cat-uncategorized","8":"first","9":"instock","10":"sale","11":"shipping-taxable","12":"purchasable","13":"product-type-variable"},"acf":[],"_links":{"self":[{"href":"https:\/\/linoexpress.com\/rs\/wp-json\/wp\/v2\/product\/43095","targetHints":{"allow":["GET"]}}],"collection":[{"href":"https:\/\/linoexpress.com\/rs\/wp-json\/wp\/v2\/product"}],"about":[{"href":"https:\/\/linoexpress.com\/rs\/wp-json\/wp\/v2\/types\/product"}],"replies":[{"embeddable":true,"href":"https:\/\/linoexpress.com\/rs\/wp-json\/wp\/v2\/comments?post=43095"}],"wp:featuredmedia":[{"embeddable":true,"href":"https:\/\/linoexpress.com\/rs\/wp-json\/wp\/v2\/media\/43102"}],"wp:attachment":[{"href":"https:\/\/linoexpress.com\/rs\/wp-json\/wp\/v2\/media?parent=43095"}],"wp:term":[{"taxonomy":"product_brand","embeddable":true,"href":"https:\/\/linoexpress.com\/rs\/wp-json\/wp\/v2\/product_brand?post=43095"},{"taxonomy":"product_cat","embeddable":true,"href":"https:\/\/linoexpress.com\/rs\/wp-json\/wp\/v2\/product_cat?post=43095"},{"taxonomy":"product_tag","embeddable":true,"href":"https:\/\/linoexpress.com\/rs\/wp-json\/wp\/v2\/product_tag?post=43095"}],"curies":[{"name":"wp","href":"https:\/\/api.w.org\/{rel}","templated":true}]}}