{"id":44217,"date":"2024-11-14T13:28:20","date_gmt":"2024-11-14T12:28:20","guid":{"rendered":"https:\/\/linoexpress.com\/rs\/?post_type=product&#038;p=44217"},"modified":"2025-08-14T09:31:47","modified_gmt":"2025-08-14T07:31:47","slug":"rotirajuci-mop-sa-tri-vrste-nastavaka","status":"publish","type":"product","link":"https:\/\/linoexpress.com\/rs\/proizvod\/rotirajuci-mop-sa-tri-vrste-nastavaka\/","title":{"rendered":"Rotiraju\u0107i Mop sa tri vrste nastavaka"},"content":{"rendered":"","protected":false},"excerpt":{"rendered":"<p>Set za prakti\u010dno i detaljno \u010di\u0161\u0107enje sa tri razli\u010dita nastavka. Idealno za \u010di\u0161\u0107enje razli\u010ditih povr\u0161ina!<\/p>\n","protected":false},"featured_media":44225,"comment_status":"closed","ping_status":"closed","template":"","meta":{"inline_featured_image":false},"product_brand":[],"product_cat":[27,15],"product_tag":[],"class_list":{"0":"post-44217","1":"product","2":"type-product","3":"status-publish","4":"has-post-thumbnail","6":"product_cat-home","7":"product_cat-uncategorized","9":"first","10":"instock","11":"sale","12":"shipping-taxable","13":"purchasable","14":"product-type-simple"},"acf":[],"_links":{"self":[{"href":"https:\/\/linoexpress.com\/rs\/wp-json\/wp\/v2\/product\/44217","targetHints":{"allow":["GET"]}}],"collection":[{"href":"https:\/\/linoexpress.com\/rs\/wp-json\/wp\/v2\/product"}],"about":[{"href":"https:\/\/linoexpress.com\/rs\/wp-json\/wp\/v2\/types\/product"}],"replies":[{"embeddable":true,"href":"https:\/\/linoexpress.com\/rs\/wp-json\/wp\/v2\/comments?post=44217"}],"wp:featuredmedia":[{"embeddable":true,"href":"https:\/\/linoexpress.com\/rs\/wp-json\/wp\/v2\/media\/44225"}],"wp:attachment":[{"href":"https:\/\/linoexpress.com\/rs\/wp-json\/wp\/v2\/media?parent=44217"}],"wp:term":[{"taxonomy":"product_brand","embeddable":true,"href":"https:\/\/linoexpress.com\/rs\/wp-json\/wp\/v2\/product_brand?post=44217"},{"taxonomy":"product_cat","embeddable":true,"href":"https:\/\/linoexpress.com\/rs\/wp-json\/wp\/v2\/product_cat?post=44217"},{"taxonomy":"product_tag","embeddable":true,"href":"https:\/\/linoexpress.com\/rs\/wp-json\/wp\/v2\/product_tag?post=44217"}],"curies":[{"name":"wp","href":"https:\/\/api.w.org\/{rel}","templated":true}]}}