{"id":44251,"date":"2024-11-14T13:54:10","date_gmt":"2024-11-14T12:54:10","guid":{"rendered":"https:\/\/linoexpress.com\/rs\/?post_type=product&#038;p=44251"},"modified":"2025-11-11T11:37:54","modified_gmt":"2025-11-11T10:37:54","slug":"diy-set-bozicno-drvce-od-filca","status":"publish","type":"product","link":"https:\/\/linoexpress.com\/rs\/proizvod\/diy-set-bozicno-drvce-od-filca\/","title":{"rendered":"DIY set bo\u017ei\u0107no drvce od filca"},"content":{"rendered":"","protected":false},"excerpt":{"rendered":"<p>Predivan kreativni set za najmla\u0111e. Izuzetno zabavno i ma\u0161tovito ukra\u0161avanje za Bo\u017ei\u0107ne praznike!<\/p>\n","protected":false},"featured_media":44263,"comment_status":"closed","ping_status":"closed","template":"","meta":{"inline_featured_image":false},"product_brand":[],"product_cat":[15,35],"product_tag":[],"class_list":{"0":"post-44251","1":"product","2":"type-product","3":"status-publish","4":"has-post-thumbnail","6":"product_cat-uncategorized","7":"product_cat-fun","9":"first","10":"instock","11":"sale","12":"shipping-taxable","13":"purchasable","14":"product-type-simple"},"acf":[],"_links":{"self":[{"href":"https:\/\/linoexpress.com\/rs\/wp-json\/wp\/v2\/product\/44251","targetHints":{"allow":["GET"]}}],"collection":[{"href":"https:\/\/linoexpress.com\/rs\/wp-json\/wp\/v2\/product"}],"about":[{"href":"https:\/\/linoexpress.com\/rs\/wp-json\/wp\/v2\/types\/product"}],"replies":[{"embeddable":true,"href":"https:\/\/linoexpress.com\/rs\/wp-json\/wp\/v2\/comments?post=44251"}],"wp:featuredmedia":[{"embeddable":true,"href":"https:\/\/linoexpress.com\/rs\/wp-json\/wp\/v2\/media\/44263"}],"wp:attachment":[{"href":"https:\/\/linoexpress.com\/rs\/wp-json\/wp\/v2\/media?parent=44251"}],"wp:term":[{"taxonomy":"product_brand","embeddable":true,"href":"https:\/\/linoexpress.com\/rs\/wp-json\/wp\/v2\/product_brand?post=44251"},{"taxonomy":"product_cat","embeddable":true,"href":"https:\/\/linoexpress.com\/rs\/wp-json\/wp\/v2\/product_cat?post=44251"},{"taxonomy":"product_tag","embeddable":true,"href":"https:\/\/linoexpress.com\/rs\/wp-json\/wp\/v2\/product_tag?post=44251"}],"curies":[{"name":"wp","href":"https:\/\/api.w.org\/{rel}","templated":true}]}}