{"id":44268,"date":"2024-11-14T14:22:18","date_gmt":"2024-11-14T13:22:18","guid":{"rendered":"https:\/\/linoexpress.com\/rs\/?post_type=product&#038;p=44268"},"modified":"2024-12-17T09:40:40","modified_gmt":"2024-12-17T08:40:40","slug":"bozicni-kalendar-sa-privescima-za-narukvicu-2","status":"publish","type":"product","link":"https:\/\/linoexpress.com\/rs\/proizvod\/bozicni-kalendar-sa-privescima-za-narukvicu-2\/","title":{"rendered":"Bo\u017ei\u0107ni kalendar sa privescima za narukvicu"},"content":{"rendered":"","protected":false},"excerpt":{"rendered":"<p>Ulep\u0161ajte zadnji mesec u godini sa ovim prekrasnim tajnovitim kalendarom. Svaki datum nosi novi poklon\u010di\u0107. Sa nestrpljenjem odbrojavajte dane\u00a0 i skupljajte\u00a0 svoje unikatne priveske.<\/p>\n","protected":false},"featured_media":44275,"comment_status":"closed","ping_status":"closed","template":"","meta":{"inline_featured_image":false},"product_brand":[],"product_cat":[15,35],"product_tag":[],"class_list":{"0":"post-44268","1":"product","2":"type-product","3":"status-publish","4":"has-post-thumbnail","6":"product_cat-uncategorized","7":"product_cat-fun","9":"first","10":"instock","11":"sale","12":"shipping-taxable","13":"purchasable","14":"product-type-simple"},"acf":[],"_links":{"self":[{"href":"https:\/\/linoexpress.com\/rs\/wp-json\/wp\/v2\/product\/44268","targetHints":{"allow":["GET"]}}],"collection":[{"href":"https:\/\/linoexpress.com\/rs\/wp-json\/wp\/v2\/product"}],"about":[{"href":"https:\/\/linoexpress.com\/rs\/wp-json\/wp\/v2\/types\/product"}],"replies":[{"embeddable":true,"href":"https:\/\/linoexpress.com\/rs\/wp-json\/wp\/v2\/comments?post=44268"}],"wp:featuredmedia":[{"embeddable":true,"href":"https:\/\/linoexpress.com\/rs\/wp-json\/wp\/v2\/media\/44275"}],"wp:attachment":[{"href":"https:\/\/linoexpress.com\/rs\/wp-json\/wp\/v2\/media?parent=44268"}],"wp:term":[{"taxonomy":"product_brand","embeddable":true,"href":"https:\/\/linoexpress.com\/rs\/wp-json\/wp\/v2\/product_brand?post=44268"},{"taxonomy":"product_cat","embeddable":true,"href":"https:\/\/linoexpress.com\/rs\/wp-json\/wp\/v2\/product_cat?post=44268"},{"taxonomy":"product_tag","embeddable":true,"href":"https:\/\/linoexpress.com\/rs\/wp-json\/wp\/v2\/product_tag?post=44268"}],"curies":[{"name":"wp","href":"https:\/\/api.w.org\/{rel}","templated":true}]}}