{"id":44328,"date":"2024-11-15T10:24:21","date_gmt":"2024-11-15T09:24:21","guid":{"rendered":"https:\/\/linoexpress.com\/rs\/?post_type=product&#038;p=44328"},"modified":"2025-11-11T11:36:11","modified_gmt":"2025-11-11T10:36:11","slug":"3u1-igracka-jastuk-i-duks-sa-kapuljacom","status":"publish","type":"product","link":"https:\/\/linoexpress.com\/rs\/proizvod\/3u1-igracka-jastuk-i-duks-sa-kapuljacom\/","title":{"rendered":"3u1 igra\u010dka, jastuk i duks sa kapulja\u010dom"},"content":{"rendered":"","protected":false},"excerpt":{"rendered":"<p>Pretvorite omiljenu pli\u0161anu igra\u010dku va\u0161e dece u super toplu preveliku duksericu za nekoliko sekundi!<\/p>\n","protected":false},"featured_media":44341,"comment_status":"closed","ping_status":"closed","template":"","meta":{"inline_featured_image":false},"product_brand":[],"product_cat":[15,35],"product_tag":[],"class_list":{"0":"post-44328","1":"product","2":"type-product","3":"status-publish","4":"has-post-thumbnail","6":"product_cat-uncategorized","7":"product_cat-fun","9":"first","10":"instock","11":"sale","12":"shipping-taxable","13":"purchasable","14":"product-type-variable"},"acf":[],"_links":{"self":[{"href":"https:\/\/linoexpress.com\/rs\/wp-json\/wp\/v2\/product\/44328","targetHints":{"allow":["GET"]}}],"collection":[{"href":"https:\/\/linoexpress.com\/rs\/wp-json\/wp\/v2\/product"}],"about":[{"href":"https:\/\/linoexpress.com\/rs\/wp-json\/wp\/v2\/types\/product"}],"replies":[{"embeddable":true,"href":"https:\/\/linoexpress.com\/rs\/wp-json\/wp\/v2\/comments?post=44328"}],"wp:featuredmedia":[{"embeddable":true,"href":"https:\/\/linoexpress.com\/rs\/wp-json\/wp\/v2\/media\/44341"}],"wp:attachment":[{"href":"https:\/\/linoexpress.com\/rs\/wp-json\/wp\/v2\/media?parent=44328"}],"wp:term":[{"taxonomy":"product_brand","embeddable":true,"href":"https:\/\/linoexpress.com\/rs\/wp-json\/wp\/v2\/product_brand?post=44328"},{"taxonomy":"product_cat","embeddable":true,"href":"https:\/\/linoexpress.com\/rs\/wp-json\/wp\/v2\/product_cat?post=44328"},{"taxonomy":"product_tag","embeddable":true,"href":"https:\/\/linoexpress.com\/rs\/wp-json\/wp\/v2\/product_tag?post=44328"}],"curies":[{"name":"wp","href":"https:\/\/api.w.org\/{rel}","templated":true}]}}