{"id":44348,"date":"2024-11-15T10:34:16","date_gmt":"2024-11-15T09:34:16","guid":{"rendered":"https:\/\/linoexpress.com\/rs\/?post_type=product&#038;p=44348"},"modified":"2024-12-17T12:46:23","modified_gmt":"2024-12-17T11:46:23","slug":"decija-tabla-od-filca-sa-dodatcima","status":"publish","type":"product","link":"https:\/\/linoexpress.com\/rs\/proizvod\/decija-tabla-od-filca-sa-dodatcima\/","title":{"rendered":"De\u010dija tabla od filca sa dodatcima"},"content":{"rendered":"","protected":false},"excerpt":{"rendered":"<p>Interaktivne de\u010dije table od filca sa raznim dodatcima na \u010di\u010dak omogu\u0107i\u0107e deci da stvaraju razne pri\u010de i kreacije.<\/p>\n","protected":false},"featured_media":44362,"comment_status":"closed","ping_status":"closed","template":"","meta":{"inline_featured_image":false},"product_brand":[],"product_cat":[15,35],"product_tag":[],"class_list":{"0":"post-44348","1":"product","2":"type-product","3":"status-publish","4":"has-post-thumbnail","6":"product_cat-uncategorized","7":"product_cat-fun","9":"first","10":"instock","11":"sale","12":"shipping-taxable","13":"purchasable","14":"product-type-variable"},"acf":[],"_links":{"self":[{"href":"https:\/\/linoexpress.com\/rs\/wp-json\/wp\/v2\/product\/44348","targetHints":{"allow":["GET"]}}],"collection":[{"href":"https:\/\/linoexpress.com\/rs\/wp-json\/wp\/v2\/product"}],"about":[{"href":"https:\/\/linoexpress.com\/rs\/wp-json\/wp\/v2\/types\/product"}],"replies":[{"embeddable":true,"href":"https:\/\/linoexpress.com\/rs\/wp-json\/wp\/v2\/comments?post=44348"}],"wp:featuredmedia":[{"embeddable":true,"href":"https:\/\/linoexpress.com\/rs\/wp-json\/wp\/v2\/media\/44362"}],"wp:attachment":[{"href":"https:\/\/linoexpress.com\/rs\/wp-json\/wp\/v2\/media?parent=44348"}],"wp:term":[{"taxonomy":"product_brand","embeddable":true,"href":"https:\/\/linoexpress.com\/rs\/wp-json\/wp\/v2\/product_brand?post=44348"},{"taxonomy":"product_cat","embeddable":true,"href":"https:\/\/linoexpress.com\/rs\/wp-json\/wp\/v2\/product_cat?post=44348"},{"taxonomy":"product_tag","embeddable":true,"href":"https:\/\/linoexpress.com\/rs\/wp-json\/wp\/v2\/product_tag?post=44348"}],"curies":[{"name":"wp","href":"https:\/\/api.w.org\/{rel}","templated":true}]}}