{"id":46473,"date":"2025-01-19T23:18:56","date_gmt":"2025-01-19T22:18:56","guid":{"rendered":"https:\/\/linoexpress.com\/rs\/?post_type=product&#038;p=46473"},"modified":"2025-10-14T11:52:38","modified_gmt":"2025-10-14T09:52:38","slug":"refleksna-lopta-za-udaranje","status":"publish","type":"product","link":"https:\/\/linoexpress.com\/rs\/proizvod\/refleksna-lopta-za-udaranje\/","title":{"rendered":"Refleksna lopta za udaranje"},"content":{"rendered":"","protected":false},"excerpt":{"rendered":"<p>Pobolj\u0161ajte va\u0161e treninge i dignite motivaciju na vi\u0161i nivo. Najbolja lopta za pobolj\u0161avanje refleksa!<\/p>\n","protected":false},"featured_media":49735,"comment_status":"closed","ping_status":"closed","template":"","meta":{"inline_featured_image":false},"product_brand":[],"product_cat":[15],"product_tag":[],"class_list":{"0":"post-46473","1":"product","2":"type-product","3":"status-publish","4":"has-post-thumbnail","6":"product_cat-uncategorized","8":"first","9":"instock","10":"sale","11":"shipping-taxable","12":"purchasable","13":"product-type-simple"},"acf":[],"_links":{"self":[{"href":"https:\/\/linoexpress.com\/rs\/wp-json\/wp\/v2\/product\/46473","targetHints":{"allow":["GET"]}}],"collection":[{"href":"https:\/\/linoexpress.com\/rs\/wp-json\/wp\/v2\/product"}],"about":[{"href":"https:\/\/linoexpress.com\/rs\/wp-json\/wp\/v2\/types\/product"}],"replies":[{"embeddable":true,"href":"https:\/\/linoexpress.com\/rs\/wp-json\/wp\/v2\/comments?post=46473"}],"wp:featuredmedia":[{"embeddable":true,"href":"https:\/\/linoexpress.com\/rs\/wp-json\/wp\/v2\/media\/49735"}],"wp:attachment":[{"href":"https:\/\/linoexpress.com\/rs\/wp-json\/wp\/v2\/media?parent=46473"}],"wp:term":[{"taxonomy":"product_brand","embeddable":true,"href":"https:\/\/linoexpress.com\/rs\/wp-json\/wp\/v2\/product_brand?post=46473"},{"taxonomy":"product_cat","embeddable":true,"href":"https:\/\/linoexpress.com\/rs\/wp-json\/wp\/v2\/product_cat?post=46473"},{"taxonomy":"product_tag","embeddable":true,"href":"https:\/\/linoexpress.com\/rs\/wp-json\/wp\/v2\/product_tag?post=46473"}],"curies":[{"name":"wp","href":"https:\/\/api.w.org\/{rel}","templated":true}]}}