{"id":46497,"date":"2025-01-20T00:47:37","date_gmt":"2025-01-19T23:47:37","guid":{"rendered":"https:\/\/linoexpress.com\/rs\/?post_type=product&#038;p=46497"},"modified":"2025-04-02T20:32:05","modified_gmt":"2025-04-02T18:32:05","slug":"relaksirajuce-mini-police-sa-knjigama","status":"publish","type":"product","link":"https:\/\/linoexpress.com\/rs\/proizvod\/relaksirajuce-mini-police-sa-knjigama\/","title":{"rendered":"Relaksiraju\u0107e mini police sa knjigama"},"content":{"rendered":"","protected":false},"excerpt":{"rendered":"<p>Re\u0161ite se anksioznosti i napetosti sa ovom relaksiraju\u0107om policom sa malim knjigama. Sla\u017eite knjige i prona\u0111ite svoj mir !<\/p>\n","protected":false},"featured_media":46501,"comment_status":"open","ping_status":"closed","template":"","meta":{"inline_featured_image":false},"product_brand":[],"product_cat":[15],"product_tag":[],"class_list":{"0":"post-46497","1":"product","2":"type-product","3":"status-publish","4":"has-post-thumbnail","6":"product_cat-uncategorized","8":"first","9":"instock","10":"sale","11":"shipping-taxable","12":"purchasable","13":"product-type-simple"},"acf":[],"_links":{"self":[{"href":"https:\/\/linoexpress.com\/rs\/wp-json\/wp\/v2\/product\/46497","targetHints":{"allow":["GET"]}}],"collection":[{"href":"https:\/\/linoexpress.com\/rs\/wp-json\/wp\/v2\/product"}],"about":[{"href":"https:\/\/linoexpress.com\/rs\/wp-json\/wp\/v2\/types\/product"}],"replies":[{"embeddable":true,"href":"https:\/\/linoexpress.com\/rs\/wp-json\/wp\/v2\/comments?post=46497"}],"wp:featuredmedia":[{"embeddable":true,"href":"https:\/\/linoexpress.com\/rs\/wp-json\/wp\/v2\/media\/46501"}],"wp:attachment":[{"href":"https:\/\/linoexpress.com\/rs\/wp-json\/wp\/v2\/media?parent=46497"}],"wp:term":[{"taxonomy":"product_brand","embeddable":true,"href":"https:\/\/linoexpress.com\/rs\/wp-json\/wp\/v2\/product_brand?post=46497"},{"taxonomy":"product_cat","embeddable":true,"href":"https:\/\/linoexpress.com\/rs\/wp-json\/wp\/v2\/product_cat?post=46497"},{"taxonomy":"product_tag","embeddable":true,"href":"https:\/\/linoexpress.com\/rs\/wp-json\/wp\/v2\/product_tag?post=46497"}],"curies":[{"name":"wp","href":"https:\/\/api.w.org\/{rel}","templated":true}]}}