{"id":46503,"date":"2025-01-20T01:09:15","date_gmt":"2025-01-20T00:09:15","guid":{"rendered":"https:\/\/linoexpress.com\/rs\/?post_type=product&#038;p=46503"},"modified":"2025-09-30T16:50:49","modified_gmt":"2025-09-30T14:50:49","slug":"maske-realnog-lica","status":"publish","type":"product","link":"https:\/\/linoexpress.com\/rs\/proizvod\/maske-realnog-lica\/","title":{"rendered":"Maske realnog lica"},"content":{"rendered":"","protected":false},"excerpt":{"rendered":"<p>Maske vrhunskog kvaliteta, ura\u0111ene tako da podse\u0107aju na stvarnu osobu. Budite u centru pa\u017enje za Helloween , maskembale ,tematske zabave ili kad zezate svoje prijatelje!<\/p>\n","protected":false},"featured_media":46507,"comment_status":"open","ping_status":"closed","template":"","meta":{"inline_featured_image":false},"product_brand":[],"product_cat":[15],"product_tag":[],"class_list":{"0":"post-46503","1":"product","2":"type-product","3":"status-publish","4":"has-post-thumbnail","6":"product_cat-uncategorized","8":"first","9":"instock","10":"sale","11":"shipping-taxable","12":"purchasable","13":"product-type-simple"},"acf":[],"_links":{"self":[{"href":"https:\/\/linoexpress.com\/rs\/wp-json\/wp\/v2\/product\/46503","targetHints":{"allow":["GET"]}}],"collection":[{"href":"https:\/\/linoexpress.com\/rs\/wp-json\/wp\/v2\/product"}],"about":[{"href":"https:\/\/linoexpress.com\/rs\/wp-json\/wp\/v2\/types\/product"}],"replies":[{"embeddable":true,"href":"https:\/\/linoexpress.com\/rs\/wp-json\/wp\/v2\/comments?post=46503"}],"wp:featuredmedia":[{"embeddable":true,"href":"https:\/\/linoexpress.com\/rs\/wp-json\/wp\/v2\/media\/46507"}],"wp:attachment":[{"href":"https:\/\/linoexpress.com\/rs\/wp-json\/wp\/v2\/media?parent=46503"}],"wp:term":[{"taxonomy":"product_brand","embeddable":true,"href":"https:\/\/linoexpress.com\/rs\/wp-json\/wp\/v2\/product_brand?post=46503"},{"taxonomy":"product_cat","embeddable":true,"href":"https:\/\/linoexpress.com\/rs\/wp-json\/wp\/v2\/product_cat?post=46503"},{"taxonomy":"product_tag","embeddable":true,"href":"https:\/\/linoexpress.com\/rs\/wp-json\/wp\/v2\/product_tag?post=46503"}],"curies":[{"name":"wp","href":"https:\/\/api.w.org\/{rel}","templated":true}]}}