{"id":46522,"date":"2025-01-20T01:54:36","date_gmt":"2025-01-20T00:54:36","guid":{"rendered":"https:\/\/linoexpress.com\/rs\/?post_type=product&#038;p=46522"},"modified":"2025-04-02T20:26:57","modified_gmt":"2025-04-02T18:26:57","slug":"diy-set-za-pletenje-narukvica-od-uzeta","status":"publish","type":"product","link":"https:\/\/linoexpress.com\/rs\/proizvod\/diy-set-za-pletenje-narukvica-od-uzeta\/","title":{"rendered":"DIY set za pletenje narukvica od u\u017eeta"},"content":{"rendered":"","protected":false},"excerpt":{"rendered":"<p>Ovaj ru\u010dni set za pletenje je kreativna igra za decu koja omogu\u0107ava da njeguje njihove ru\u010dne vje\u0161tine i podsti\u010de njihovu kreativnost.<\/p>\n","protected":false},"featured_media":46529,"comment_status":"open","ping_status":"closed","template":"","meta":{"inline_featured_image":false},"product_brand":[],"product_cat":[15],"product_tag":[],"class_list":{"0":"post-46522","1":"product","2":"type-product","3":"status-publish","4":"has-post-thumbnail","6":"product_cat-uncategorized","8":"first","9":"instock","10":"sale","11":"shipping-taxable","12":"purchasable","13":"product-type-simple"},"acf":[],"_links":{"self":[{"href":"https:\/\/linoexpress.com\/rs\/wp-json\/wp\/v2\/product\/46522","targetHints":{"allow":["GET"]}}],"collection":[{"href":"https:\/\/linoexpress.com\/rs\/wp-json\/wp\/v2\/product"}],"about":[{"href":"https:\/\/linoexpress.com\/rs\/wp-json\/wp\/v2\/types\/product"}],"replies":[{"embeddable":true,"href":"https:\/\/linoexpress.com\/rs\/wp-json\/wp\/v2\/comments?post=46522"}],"wp:featuredmedia":[{"embeddable":true,"href":"https:\/\/linoexpress.com\/rs\/wp-json\/wp\/v2\/media\/46529"}],"wp:attachment":[{"href":"https:\/\/linoexpress.com\/rs\/wp-json\/wp\/v2\/media?parent=46522"}],"wp:term":[{"taxonomy":"product_brand","embeddable":true,"href":"https:\/\/linoexpress.com\/rs\/wp-json\/wp\/v2\/product_brand?post=46522"},{"taxonomy":"product_cat","embeddable":true,"href":"https:\/\/linoexpress.com\/rs\/wp-json\/wp\/v2\/product_cat?post=46522"},{"taxonomy":"product_tag","embeddable":true,"href":"https:\/\/linoexpress.com\/rs\/wp-json\/wp\/v2\/product_tag?post=46522"}],"curies":[{"name":"wp","href":"https:\/\/api.w.org\/{rel}","templated":true}]}}