{"id":46666,"date":"2025-02-03T23:26:56","date_gmt":"2025-02-03T22:26:56","guid":{"rendered":"https:\/\/linoexpress.com\/rs\/?post_type=product&#038;p=46666"},"modified":"2025-02-13T18:28:12","modified_gmt":"2025-02-13T17:28:12","slug":"zastitna-plocica-eu-privatnost-i-stil","status":"publish","type":"product","link":"https:\/\/linoexpress.com\/rs\/proizvod\/zastitna-plocica-eu-privatnost-i-stil\/","title":{"rendered":"Za\u0161titna plo\u010dica EU &#8211; Privatnost i stil"},"content":{"rendered":"","protected":false},"excerpt":{"rendered":"<p>EU plo\u010dica za registarsku tablicu je savr\u0161en dodatak za va\u0161u vo\u017enju! Nudi potpunu privatnost kada je potrebno, lako se kontroli\u0161e putem daljinskog upravlja\u010da i pru\u017ea neograni\u010dene mogu\u0107nosti prilago\u0111avanja. Savr\u0161en je za svakog ljubitelja automobila koji \u017eeli pobolj\u0161ati izgled svog vozila uz dodatnu funkcionalnost.<\/p>\n","protected":false},"featured_media":46671,"comment_status":"closed","ping_status":"closed","template":"","meta":{"inline_featured_image":false},"product_brand":[],"product_cat":[15],"product_tag":[],"class_list":{"0":"post-46666","1":"product","2":"type-product","3":"status-publish","4":"has-post-thumbnail","6":"product_cat-uncategorized","8":"first","9":"instock","10":"sale","11":"shipping-taxable","12":"purchasable","13":"product-type-simple"},"acf":[],"_links":{"self":[{"href":"https:\/\/linoexpress.com\/rs\/wp-json\/wp\/v2\/product\/46666","targetHints":{"allow":["GET"]}}],"collection":[{"href":"https:\/\/linoexpress.com\/rs\/wp-json\/wp\/v2\/product"}],"about":[{"href":"https:\/\/linoexpress.com\/rs\/wp-json\/wp\/v2\/types\/product"}],"replies":[{"embeddable":true,"href":"https:\/\/linoexpress.com\/rs\/wp-json\/wp\/v2\/comments?post=46666"}],"wp:featuredmedia":[{"embeddable":true,"href":"https:\/\/linoexpress.com\/rs\/wp-json\/wp\/v2\/media\/46671"}],"wp:attachment":[{"href":"https:\/\/linoexpress.com\/rs\/wp-json\/wp\/v2\/media?parent=46666"}],"wp:term":[{"taxonomy":"product_brand","embeddable":true,"href":"https:\/\/linoexpress.com\/rs\/wp-json\/wp\/v2\/product_brand?post=46666"},{"taxonomy":"product_cat","embeddable":true,"href":"https:\/\/linoexpress.com\/rs\/wp-json\/wp\/v2\/product_cat?post=46666"},{"taxonomy":"product_tag","embeddable":true,"href":"https:\/\/linoexpress.com\/rs\/wp-json\/wp\/v2\/product_tag?post=46666"}],"curies":[{"name":"wp","href":"https:\/\/api.w.org\/{rel}","templated":true}]}}