{"id":46673,"date":"2025-02-04T00:26:38","date_gmt":"2025-02-03T23:26:38","guid":{"rendered":"https:\/\/linoexpress.com\/rs\/?post_type=product&#038;p=46673"},"modified":"2025-09-30T16:50:29","modified_gmt":"2025-09-30T14:50:29","slug":"nevidljivi-sprej-za-registarske-tablice","status":"publish","type":"product","link":"https:\/\/linoexpress.com\/rs\/proizvod\/nevidljivi-sprej-za-registarske-tablice\/","title":{"rendered":"Nevidljivi sprej za registarske tablice"},"content":{"rendered":"","protected":false},"excerpt":{"rendered":"<p>Ovaj japanski nevidljivi sprej pru\u017ea instant rezultate, obezbe\u0111uju\u0107i vam potpunu privatnost tokom vo\u017enje. Jednostavno poprskajte registarsku plo\u010dicu i omogu\u0107ite sebi maksimalnu za\u0161titu od sistema za pra\u0107enje. Sa ovom inovativnom tehnologijom blokiranja fotografija, va\u0161a anonimnost je na prvom mestu.<\/p>\n","protected":false},"featured_media":46675,"comment_status":"closed","ping_status":"closed","template":"","meta":{"inline_featured_image":false},"product_brand":[],"product_cat":[15],"product_tag":[],"class_list":{"0":"post-46673","1":"product","2":"type-product","3":"status-publish","4":"has-post-thumbnail","6":"product_cat-uncategorized","8":"first","9":"instock","10":"sale","11":"shipping-taxable","12":"purchasable","13":"product-type-simple"},"acf":[],"_links":{"self":[{"href":"https:\/\/linoexpress.com\/rs\/wp-json\/wp\/v2\/product\/46673","targetHints":{"allow":["GET"]}}],"collection":[{"href":"https:\/\/linoexpress.com\/rs\/wp-json\/wp\/v2\/product"}],"about":[{"href":"https:\/\/linoexpress.com\/rs\/wp-json\/wp\/v2\/types\/product"}],"replies":[{"embeddable":true,"href":"https:\/\/linoexpress.com\/rs\/wp-json\/wp\/v2\/comments?post=46673"}],"wp:featuredmedia":[{"embeddable":true,"href":"https:\/\/linoexpress.com\/rs\/wp-json\/wp\/v2\/media\/46675"}],"wp:attachment":[{"href":"https:\/\/linoexpress.com\/rs\/wp-json\/wp\/v2\/media?parent=46673"}],"wp:term":[{"taxonomy":"product_brand","embeddable":true,"href":"https:\/\/linoexpress.com\/rs\/wp-json\/wp\/v2\/product_brand?post=46673"},{"taxonomy":"product_cat","embeddable":true,"href":"https:\/\/linoexpress.com\/rs\/wp-json\/wp\/v2\/product_cat?post=46673"},{"taxonomy":"product_tag","embeddable":true,"href":"https:\/\/linoexpress.com\/rs\/wp-json\/wp\/v2\/product_tag?post=46673"}],"curies":[{"name":"wp","href":"https:\/\/api.w.org\/{rel}","templated":true}]}}