{"id":47142,"date":"2025-04-07T18:09:17","date_gmt":"2025-04-07T16:09:17","guid":{"rendered":"https:\/\/linoexpress.com\/rs\/?post_type=product&#038;p=47142"},"modified":"2025-09-30T16:50:10","modified_gmt":"2025-09-30T14:50:10","slug":"boxing-set-2","status":"publish","type":"product","link":"https:\/\/linoexpress.com\/rs\/proizvod\/boxing-set-2\/","title":{"rendered":"Boxing set"},"content":{"rendered":"","protected":false},"excerpt":{"rendered":"<p>Fenomenalan na\u010din za ve\u017ebu i izbacivanje vi\u0161ka energije! Ovaj set razvi\u0107e ljubav prema sportu i dobroj kondiciji. Omogu\u0107ava fizi\u010dku i psihi\u010dku relaksaciju. Idealan je kako za decu, tako i za odrasle. Kvalitetna izrada i vrhunski materijali garantuju dugotrajnost i otpornost.<\/p>\n","protected":false},"featured_media":47144,"comment_status":"closed","ping_status":"closed","template":"","meta":{"inline_featured_image":false},"product_brand":[],"product_cat":[28,15,26],"product_tag":[],"class_list":{"0":"post-47142","1":"product","2":"type-product","3":"status-publish","4":"has-post-thumbnail","6":"product_cat-beauty","7":"product_cat-uncategorized","8":"product_cat-health","10":"first","11":"instock","12":"sale","13":"shipping-taxable","14":"purchasable","15":"product-type-simple"},"acf":[],"_links":{"self":[{"href":"https:\/\/linoexpress.com\/rs\/wp-json\/wp\/v2\/product\/47142","targetHints":{"allow":["GET"]}}],"collection":[{"href":"https:\/\/linoexpress.com\/rs\/wp-json\/wp\/v2\/product"}],"about":[{"href":"https:\/\/linoexpress.com\/rs\/wp-json\/wp\/v2\/types\/product"}],"replies":[{"embeddable":true,"href":"https:\/\/linoexpress.com\/rs\/wp-json\/wp\/v2\/comments?post=47142"}],"wp:featuredmedia":[{"embeddable":true,"href":"https:\/\/linoexpress.com\/rs\/wp-json\/wp\/v2\/media\/47144"}],"wp:attachment":[{"href":"https:\/\/linoexpress.com\/rs\/wp-json\/wp\/v2\/media?parent=47142"}],"wp:term":[{"taxonomy":"product_brand","embeddable":true,"href":"https:\/\/linoexpress.com\/rs\/wp-json\/wp\/v2\/product_brand?post=47142"},{"taxonomy":"product_cat","embeddable":true,"href":"https:\/\/linoexpress.com\/rs\/wp-json\/wp\/v2\/product_cat?post=47142"},{"taxonomy":"product_tag","embeddable":true,"href":"https:\/\/linoexpress.com\/rs\/wp-json\/wp\/v2\/product_tag?post=47142"}],"curies":[{"name":"wp","href":"https:\/\/api.w.org\/{rel}","templated":true}]}}