{"id":47157,"date":"2025-04-07T19:03:16","date_gmt":"2025-04-07T17:03:16","guid":{"rendered":"https:\/\/linoexpress.com\/rs\/?post_type=product&#038;p=47157"},"modified":"2025-09-30T16:49:47","modified_gmt":"2025-09-30T14:49:47","slug":"art-set-kreativna-carolija","status":"publish","type":"product","link":"https:\/\/linoexpress.com\/rs\/proizvod\/art-set-kreativna-carolija\/","title":{"rendered":"Art set &#8211; kreativna \u010darolija"},"content":{"rendered":"","protected":false},"excerpt":{"rendered":"<p>Otkrijte \u010daroliju stvaranja uz ovaj fantasti\u010dni umetni\u010dki set! Bilo da ste dete ili odrasla osoba, zabavite se i izrazite svoju kreativnost kroz igru boja i oblika. Idealan je za poklon i razvoj ma\u0161te!<\/p>\n","protected":false},"featured_media":47164,"comment_status":"closed","ping_status":"closed","template":"","meta":{"inline_featured_image":false},"product_brand":[],"product_cat":[15,35],"product_tag":[],"class_list":{"0":"post-47157","1":"product","2":"type-product","3":"status-publish","4":"has-post-thumbnail","6":"product_cat-uncategorized","7":"product_cat-fun","9":"first","10":"instock","11":"sale","12":"shipping-taxable","13":"purchasable","14":"product-type-simple"},"acf":[],"_links":{"self":[{"href":"https:\/\/linoexpress.com\/rs\/wp-json\/wp\/v2\/product\/47157","targetHints":{"allow":["GET"]}}],"collection":[{"href":"https:\/\/linoexpress.com\/rs\/wp-json\/wp\/v2\/product"}],"about":[{"href":"https:\/\/linoexpress.com\/rs\/wp-json\/wp\/v2\/types\/product"}],"replies":[{"embeddable":true,"href":"https:\/\/linoexpress.com\/rs\/wp-json\/wp\/v2\/comments?post=47157"}],"wp:featuredmedia":[{"embeddable":true,"href":"https:\/\/linoexpress.com\/rs\/wp-json\/wp\/v2\/media\/47164"}],"wp:attachment":[{"href":"https:\/\/linoexpress.com\/rs\/wp-json\/wp\/v2\/media?parent=47157"}],"wp:term":[{"taxonomy":"product_brand","embeddable":true,"href":"https:\/\/linoexpress.com\/rs\/wp-json\/wp\/v2\/product_brand?post=47157"},{"taxonomy":"product_cat","embeddable":true,"href":"https:\/\/linoexpress.com\/rs\/wp-json\/wp\/v2\/product_cat?post=47157"},{"taxonomy":"product_tag","embeddable":true,"href":"https:\/\/linoexpress.com\/rs\/wp-json\/wp\/v2\/product_tag?post=47157"}],"curies":[{"name":"wp","href":"https:\/\/api.w.org\/{rel}","templated":true}]}}