{"id":47177,"date":"2025-04-07T19:42:35","date_gmt":"2025-04-07T17:42:35","guid":{"rendered":"https:\/\/linoexpress.com\/rs\/?post_type=product&#038;p=47177"},"modified":"2025-09-30T16:49:29","modified_gmt":"2025-09-30T14:49:29","slug":"kegelove-vjezbe","status":"publish","type":"product","link":"https:\/\/linoexpress.com\/rs\/proizvod\/kegelove-vjezbe\/","title":{"rendered":"Kegelove vje\u017ebe"},"content":{"rendered":"","protected":false},"excerpt":{"rendered":"<p class=\"\" data-start=\"100\" data-end=\"393\">Postignite ve\u0107u kontrolu i izdr\u017eljivost uz Kegelove ve\u017ebe koje ja\u010daju mi\u0161i\u0107e karli\u010dnog dna. Ova jednostavna, prirodna i dokazana metoda pobolj\u0161ava fizi\u010dku spremnost, izdr\u017eljivost i op\u0161te blagostanje bez upotrebe lekova. Idealna je za mu\u0161karce i \u017eene, prenosiva i laka za upotrebu bilo gde.<\/p>\n<p class=\"\" data-start=\"395\" data-end=\"517\">\n","protected":false},"featured_media":47184,"comment_status":"closed","ping_status":"closed","template":"","meta":{"inline_featured_image":false},"product_brand":[],"product_cat":[28,15,26],"product_tag":[],"class_list":{"0":"post-47177","1":"product","2":"type-product","3":"status-publish","4":"has-post-thumbnail","6":"product_cat-beauty","7":"product_cat-uncategorized","8":"product_cat-health","10":"first","11":"instock","12":"sale","13":"shipping-taxable","14":"purchasable","15":"product-type-simple"},"acf":[],"_links":{"self":[{"href":"https:\/\/linoexpress.com\/rs\/wp-json\/wp\/v2\/product\/47177","targetHints":{"allow":["GET"]}}],"collection":[{"href":"https:\/\/linoexpress.com\/rs\/wp-json\/wp\/v2\/product"}],"about":[{"href":"https:\/\/linoexpress.com\/rs\/wp-json\/wp\/v2\/types\/product"}],"replies":[{"embeddable":true,"href":"https:\/\/linoexpress.com\/rs\/wp-json\/wp\/v2\/comments?post=47177"}],"wp:featuredmedia":[{"embeddable":true,"href":"https:\/\/linoexpress.com\/rs\/wp-json\/wp\/v2\/media\/47184"}],"wp:attachment":[{"href":"https:\/\/linoexpress.com\/rs\/wp-json\/wp\/v2\/media?parent=47177"}],"wp:term":[{"taxonomy":"product_brand","embeddable":true,"href":"https:\/\/linoexpress.com\/rs\/wp-json\/wp\/v2\/product_brand?post=47177"},{"taxonomy":"product_cat","embeddable":true,"href":"https:\/\/linoexpress.com\/rs\/wp-json\/wp\/v2\/product_cat?post=47177"},{"taxonomy":"product_tag","embeddable":true,"href":"https:\/\/linoexpress.com\/rs\/wp-json\/wp\/v2\/product_tag?post=47177"}],"curies":[{"name":"wp","href":"https:\/\/api.w.org\/{rel}","templated":true}]}}