{"id":47204,"date":"2025-04-07T22:08:00","date_gmt":"2025-04-07T20:08:00","guid":{"rendered":"https:\/\/linoexpress.com\/rs\/?post_type=product&#038;p=47204"},"modified":"2025-08-14T09:03:14","modified_gmt":"2025-08-14T07:03:14","slug":"traka-za-individualni-trening-boksa","status":"publish","type":"product","link":"https:\/\/linoexpress.com\/rs\/proizvod\/traka-za-individualni-trening-boksa\/","title":{"rendered":"Traka za individualni trening boksa"},"content":{"rendered":"","protected":false},"excerpt":{"rendered":"<p>Inovativna traka za treniranje boksa koja pobolj\u0161ava brzinu, snagu i agilnost. Poma\u017ee u ja\u010danju klju\u010dnih mi\u0161i\u0107a i obezbe\u0111uje eksplozivno kretanje bez potrebe za tegovima.<\/p>\n","protected":false},"featured_media":47206,"comment_status":"closed","ping_status":"closed","template":"","meta":{"inline_featured_image":false},"product_brand":[],"product_cat":[28,15,26],"product_tag":[],"class_list":{"0":"post-47204","1":"product","2":"type-product","3":"status-publish","4":"has-post-thumbnail","6":"product_cat-beauty","7":"product_cat-uncategorized","8":"product_cat-health","10":"first","11":"instock","12":"sale","13":"shipping-taxable","14":"purchasable","15":"product-type-simple"},"acf":[],"_links":{"self":[{"href":"https:\/\/linoexpress.com\/rs\/wp-json\/wp\/v2\/product\/47204","targetHints":{"allow":["GET"]}}],"collection":[{"href":"https:\/\/linoexpress.com\/rs\/wp-json\/wp\/v2\/product"}],"about":[{"href":"https:\/\/linoexpress.com\/rs\/wp-json\/wp\/v2\/types\/product"}],"replies":[{"embeddable":true,"href":"https:\/\/linoexpress.com\/rs\/wp-json\/wp\/v2\/comments?post=47204"}],"wp:featuredmedia":[{"embeddable":true,"href":"https:\/\/linoexpress.com\/rs\/wp-json\/wp\/v2\/media\/47206"}],"wp:attachment":[{"href":"https:\/\/linoexpress.com\/rs\/wp-json\/wp\/v2\/media?parent=47204"}],"wp:term":[{"taxonomy":"product_brand","embeddable":true,"href":"https:\/\/linoexpress.com\/rs\/wp-json\/wp\/v2\/product_brand?post=47204"},{"taxonomy":"product_cat","embeddable":true,"href":"https:\/\/linoexpress.com\/rs\/wp-json\/wp\/v2\/product_cat?post=47204"},{"taxonomy":"product_tag","embeddable":true,"href":"https:\/\/linoexpress.com\/rs\/wp-json\/wp\/v2\/product_tag?post=47204"}],"curies":[{"name":"wp","href":"https:\/\/api.w.org\/{rel}","templated":true}]}}