{"id":47215,"date":"2025-04-07T23:25:05","date_gmt":"2025-04-07T21:25:05","guid":{"rendered":"https:\/\/linoexpress.com\/rs\/?post_type=product&#038;p=47215"},"modified":"2025-09-30T16:53:35","modified_gmt":"2025-09-30T14:53:35","slug":"pozicioner-za-ugradnju-vrata","status":"publish","type":"product","link":"https:\/\/linoexpress.com\/rs\/proizvod\/pozicioner-za-ugradnju-vrata\/","title":{"rendered":"Pozicioner za ugradnju vrata"},"content":{"rendered":"","protected":false},"excerpt":{"rendered":"<p class=\"\" data-start=\"228\" data-end=\"416\">Precizan i jednostavan alat za ugradnju vrata ormari\u0107a.<br \/>\nOmogu\u0107ava brzo nivelisanje i bezbednu monta\u017eu bez dodatne pomo\u0107i. Napravljen od izdr\u017eljive legure aluminijuma za dugotrajnu upotrebu.<\/p>\n<p class=\"\" data-start=\"418\" data-end=\"475\">\n","protected":false},"featured_media":47220,"comment_status":"closed","ping_status":"closed","template":"","meta":{"inline_featured_image":false},"product_brand":[],"product_cat":[25,15],"product_tag":[],"class_list":{"0":"post-47215","1":"product","2":"type-product","3":"status-publish","4":"has-post-thumbnail","6":"product_cat-car","7":"product_cat-uncategorized","9":"first","10":"instock","11":"sale","12":"shipping-taxable","13":"purchasable","14":"product-type-simple"},"acf":[],"_links":{"self":[{"href":"https:\/\/linoexpress.com\/rs\/wp-json\/wp\/v2\/product\/47215","targetHints":{"allow":["GET"]}}],"collection":[{"href":"https:\/\/linoexpress.com\/rs\/wp-json\/wp\/v2\/product"}],"about":[{"href":"https:\/\/linoexpress.com\/rs\/wp-json\/wp\/v2\/types\/product"}],"replies":[{"embeddable":true,"href":"https:\/\/linoexpress.com\/rs\/wp-json\/wp\/v2\/comments?post=47215"}],"wp:featuredmedia":[{"embeddable":true,"href":"https:\/\/linoexpress.com\/rs\/wp-json\/wp\/v2\/media\/47220"}],"wp:attachment":[{"href":"https:\/\/linoexpress.com\/rs\/wp-json\/wp\/v2\/media?parent=47215"}],"wp:term":[{"taxonomy":"product_brand","embeddable":true,"href":"https:\/\/linoexpress.com\/rs\/wp-json\/wp\/v2\/product_brand?post=47215"},{"taxonomy":"product_cat","embeddable":true,"href":"https:\/\/linoexpress.com\/rs\/wp-json\/wp\/v2\/product_cat?post=47215"},{"taxonomy":"product_tag","embeddable":true,"href":"https:\/\/linoexpress.com\/rs\/wp-json\/wp\/v2\/product_tag?post=47215"}],"curies":[{"name":"wp","href":"https:\/\/api.w.org\/{rel}","templated":true}]}}